{"id":1266,"date":"2018-12-15T15:55:35","date_gmt":"2018-12-15T15:55:35","guid":{"rendered":"http:\/\/www.chateauneufcreation.com\/?page_id=1266"},"modified":"2025-05-12T11:11:15","modified_gmt":"2025-05-12T15:11:15","slug":"assurance-collective","status":"publish","type":"page","link":"https:\/\/www.uasq8922.org\/?page_id=1266","title":{"rendered":"ASSURANCE COLLECTIVE"},"content":{"rendered":"<\/div><\/div><\/div><!-- close content main div --><\/div><\/div><div id='av_section_1' class='avia-section main_color avia-section-no-padding avia-no-border-styling avia-bg-style-scroll   av-minimum-height av-minimum-height-custom container_wrap fullsize' style='background-color: #f0b410;  '   style='background-color: #f0b410;  ' ><div class='container' style='height:0px'><div class='template-page content  av-content-full alpha units'><div class='post-entry post-entry-type-page post-entry-1266'><div class='entry-content-wrapper clearfix'>\n<div class=\"flex_column av_one_full  av-animated-generic left-to-right  flex_column_div av-zero-column-padding first  \" style='margin-top:0px; margin-bottom:0px; border-radius:0px; '><div style='padding-bottom:0px; margin:0 0 0 0; color:#0d2c6c;font-size:5vw;' class='av-special-heading av-special-heading-h2 custom-color-heading blockquote modern-quote modern-centered  av-inherit-size '><h2 class='av-special-heading-tag '  itemprop=\"headline\"  >Assurance collective<\/h2><div class='special-heading-border'><div class='special-heading-inner-border' style='border-color:#0d2c6c'><\/div><\/div><\/div><\/div>\n\n<div class=\"flex_column av_one_full  flex_column_div av-zero-column-padding first  \" style='border-radius:0px; '><p><div style='padding-bottom:10px; ' class='av-special-heading av-special-heading-h1     '><h1 class='av-special-heading-tag '  itemprop=\"headline\"  >PORTAIL D\u2019ASSURANCE<\/h1><div class='special-heading-border'><div class='special-heading-inner-border' ><\/div><\/div><\/div><br \/>\n<section class=\"av_textblock_section \"  itemscope=\"itemscope\" itemtype=\"https:\/\/schema.org\/CreativeWork\" ><div class='avia_textblock  '   itemprop=\"text\" ><p>Lors de votre premi\u00e8re connexion, vous aurez \u00e0 fournir votre num\u00e9ro de membre ( Syndicat ) ainsi qu\u2019un NIP (\u00a0 votre NIP se trouve \u00e0 \u00eatre les trois derniers chiffres de votre num\u00e9ro d\u2019assurance sociale).<\/p>\n<p>Ces renseignements vous seront demand\u00e9s qu\u2019une seule fois.<br \/>\nPour acc\u00e9der au nouveau portail cliquer sur le liens ci-dessous.<\/p>\n<\/div><\/section><br \/>\n<div  class='hr hr-default  '><span class='hr-inner ' ><span class='hr-inner-style'><\/span><\/span><\/div><br \/>\n<section class=\"av_textblock_section \"  itemscope=\"itemscope\" itemtype=\"https:\/\/schema.org\/CreativeWork\" ><div class='avia_textblock  '   itemprop=\"text\" ><p>Si vous devez envoyer votre r\u00e9clamation par la poste veuillez s&rsquo;il vous pla\u00eet tenir compte des conseils ci-bas. Aussi, veuillez regarder l&rsquo;exemple du formulaire \u00e0 remplir :<\/p>\n<p><a href=\"https:\/\/www.uasq8922.org\/wp-content\/uploads\/2025\/05\/CONSEILS-RECLAMATIONS-POSTE.pdf\" target=\"_blank\" rel=\"noopener\">CONSEILS &#8211; R\u00c9CLAMATIONS POSTE<\/a><\/p>\n<p><a href=\"https:\/\/www.uasq8922.org\/wp-content\/uploads\/2025\/05\/NOUVEAU-FORMULAIRE-exemple-de-formulaire-rempli.pdf\" target=\"_blank\" rel=\"noopener\">NOUVEAU FORMULAIRE (exemple de formulaire rempli)<\/a><\/p>\n<\/div><\/section><br \/>\n<div  class='hr hr-default  '><span class='hr-inner ' ><span class='hr-inner-style'><\/span><\/span><\/div><br \/>\n<div class='avia-button-wrap avia-button-center '><a href='https:\/\/www.uasq8922.org\/wp-content\/uploads\/2020\/05\/Communiqu\u00e9_M\u00e9tallos_2020052613995.pdf'  class='avia-button   avia-icon_select-yes-left-icon avia-color-theme-color avia-size-x-large avia-position-center '  target=\"_blank\"   ><span class='avia_button_icon avia_button_icon_left ' aria-hidden='true' data-av_icon='\ue83e' data-av_iconfont='entypo-fontello'><\/span><span class='avia_iconbox_title' >Concours pour les adh\u00e9rents au d\u00e9p\u00f4t direct <\/span><\/a><\/div><br \/>\n<div class='avia-button-wrap avia-button-center '><a href='https:\/\/membres.uasq8922.org:7443\/login'  class='avia-button   avia-icon_select-yes-left-icon avia-color-theme-color avia-size-x-large avia-position-center '  target=\"_blank\"   ><span class='avia_button_icon avia_button_icon_left ' aria-hidden='true' data-av_icon='\ue83f' data-av_iconfont='entypo-fontello'><\/span><span class='avia_iconbox_title' > Nouveau portail d\u2019assurance<\/span><\/a><\/div><\/p><\/div><div  class='hr hr-default  '><span class='hr-inner ' ><span class='hr-inner-style'><\/span><\/span><\/div><\/p>\n<div class=\"flex_column av_two_third  flex_column_div av-zero-column-padding first  \" style='border-radius:0px; '><section class=\"av_textblock_section \"  itemscope=\"itemscope\" itemtype=\"https:\/\/schema.org\/CreativeWork\" ><div class='avia_textblock  '   itemprop=\"text\" ><h2>\u00c0 quel moment ma prime devient effective?<\/h2>\n<\/div><\/section><br \/>\n<section class=\"av_textblock_section \"  itemscope=\"itemscope\" itemtype=\"https:\/\/schema.org\/CreativeWork\" ><div class='avia_textblock  '   itemprop=\"text\" ><p>Veuillez noter que votre protection d\u00e9bute le 1<sup>er<\/sup> du mois suivant trois (3) mois cons\u00e9cutifs.<\/p>\n<p>Par exemple\u00a0: si votre premier jour de travail fut le 15\u00a0juin, votre admissibilit\u00e9 d\u00e9butera\u00a0le 1<sup>er<\/sup>\u00a0octobre mais sera r\u00e9troactive au 15\u00a0juin.<\/p>\n<\/div><\/section><br \/>\n<div  class='hr hr-default  '><span class='hr-inner ' ><span class='hr-inner-style'><\/span><\/span><\/div><br \/>\n<section class=\"av_textblock_section \"  itemscope=\"itemscope\" itemtype=\"https:\/\/schema.org\/CreativeWork\" ><div class='avia_textblock  '   itemprop=\"text\" ><h2>Nouveau 2025<\/h2>\n<p>Augmentation de la protection d\u2019assurance vie et de DMA de 7 500$ \u00e0 15 000$ pour la classe 110;<\/p>\n<p>Augmentation de la protection d\u2019assurance vie et de DMA de 15 000$ \u00e0 30 000$ pour la classe 120;<\/p>\n<p>Augmentation de la coassurance en soins dentaires pour les soins pr\u00e9ventifs et de base \u00e0 80%;<\/p>\n<p>Ajout des soins majeurs avec coassurance \u00e0 50% (en augmentant le maximum de 750$ par ann\u00e9e \u00e0 1 500$ par ann\u00e9e, combin\u00e9 avec les soins pr\u00e9ventifs et de base)<br \/>\nAjout de la prestation en cas de gr\u00e8ve\/lockout;<\/p>\n<p>Maintien de la contribution des membres \u00e0 1,05$ jusqu\u2019au 31 janvier 2028. Par la suite, augmentation de la contribution de 0,05 $ par ann\u00e9e pour 2 ans (donc 1,10$ au 1er f\u00e9vrier 2028 et 1,15$ au 1er f\u00e9vrier 2029).<\/p>\n<\/div><\/section><\/p><\/div>\n<div class=\"flex_column av_one_third  flex_column_div av-zero-column-padding   \" style='border-radius:0px; '><section class=\"av_textblock_section \"  itemscope=\"itemscope\" itemtype=\"https:\/\/schema.org\/CreativeWork\" ><div class='avia_textblock  '   itemprop=\"text\" ><h2 style=\"text-align: center;\">Quels sont les co\u00fbts?<\/h2>\n<\/div><\/section><br \/>\n<div  class=\"avia-animated-number av-force-default-color  avia-color-  avia_animate_when_visible\" ><strong class=\"heading avia-animated-number-title\" ><span class=\"avia-single-number __av-single-number\" data-number=\"1\">1<\/span><span class=\"avia-no-number\">,<\/span><span class=\"avia-single-number __av-single-number\" data-number=\"05\">05<\/span><span class=\"avia-no-number\"> $<\/span><\/strong><div class='avia-animated-number-content' ><p>Le co\u00fbt de la prime d\u2019assurance est de un dollar et cinq cents (1,05 $) l\u2019heure travaill\u00e9e.<br \/>\nEN VIGUEUR DEPUIS LE 1er F\u00c9VRIER 2022<\/p>\n<\/div><\/div><\/p><\/div>\n<\/div><\/div><\/div><!-- close content main div --><\/div><\/div><div id='av_section_2' class='avia-section main_color avia-section-small avia-no-border-styling avia-bg-style-scroll   container_wrap fullsize' style='background-color: #efefef;  '   style='background-color: #efefef;  ' ><div class='container' ><div class='template-page content  av-content-full alpha units'><div class='post-entry post-entry-type-page post-entry-1266'><div class='entry-content-wrapper clearfix'>\n<div class=\"flex_column av_two_third  flex_column_div av-zero-column-padding first  \" style='border-radius:0px; '><section class=\"av_textblock_section \"  itemscope=\"itemscope\" itemtype=\"https:\/\/schema.org\/CreativeWork\" ><div class='avia_textblock  av_inherit_color '  style='color:#0d2c6c; '  itemprop=\"text\" ><h2>Vous d\u00e9sirez avoir plus d&rsquo;informations \u00e0 ce sujet?<\/h2>\n<\/div><\/section><br \/>\n<div style='height:20px' class='hr hr-invisible  '><span class='hr-inner ' ><span class='hr-inner-style'><\/span><\/span><\/div><br \/>\n<section class=\"av_textblock_section \"  itemscope=\"itemscope\" itemtype=\"https:\/\/schema.org\/CreativeWork\" ><div class='avia_textblock  '   itemprop=\"text\" ><p><strong>Mme Bernadette Karam<\/strong><\/p>\n<p>Traite les dossiers dont le nom de famille commence par : <b>A <\/b>\u00e0<b>\u00a0D<\/b>.<\/p>\n<p>T\u00e9l\u00e9phone: 514-977-9728<br \/>\nCourriel :<a href=\"mailto:bkaram@uasq8922.org\"> bkaram@uasq8922.org<\/a><\/p>\n<\/div><\/section><br \/>\n<section class=\"av_textblock_section \"  itemscope=\"itemscope\" itemtype=\"https:\/\/schema.org\/CreativeWork\" ><div class='avia_textblock  '   itemprop=\"text\" ><p><strong>Mme Danielle Bertrand<\/strong><\/p>\n<p>Traite les dossiers dont le nom de famille commence par:\u00a0<b>E<\/b>\u00a0<b>\u00a0<\/b>\u00e0<b>\u00a0\u00a0Martel<\/b><\/p>\n<p>T\u00e9l\u00e9phone : 514-968-2559<br \/>\nCourriel : <a href=\"mailto:dbertrand@uasq8922.org\">dbertrand@uasq8922.org<\/a><\/p>\n<\/div><\/section><br \/>\n<section class=\"av_textblock_section \"  itemscope=\"itemscope\" itemtype=\"https:\/\/schema.org\/CreativeWork\" ><div class='avia_textblock  '   itemprop=\"text\" ><p><strong>Mme Line\u00a0Simard<\/strong><\/p>\n<p><span lang=\"FR\">Traite les dossiers dont le nom de famille commence de : <b>Martem<\/b>\u00a0jusqu\u2019\u00e0\u00a0<\/span><b><span lang=\"FR\">Z<\/span><\/b><\/p>\n<p>T\u00e9l\u00e9phone : 514-968-3145<br \/>\nCourriel : <a href=\"mailto:lsimard@uasq8922.org\">lsimard@uasq8922.org<\/a><\/p>\n<\/div><\/section><\/p><\/div><div class=\"flex_column av_one_third  flex_column_div av-zero-column-padding   \" style='border-radius:0px; '><p><section class=\"av_textblock_section \"  itemscope=\"itemscope\" itemtype=\"https:\/\/schema.org\/CreativeWork\" ><div class='avia_textblock  '   itemprop=\"text\" ><\/div><\/section><br \/>\n<section class=\"av_textblock_section \"  itemscope=\"itemscope\" itemtype=\"https:\/\/schema.org\/CreativeWork\" ><div class='avia_textblock  av_inherit_color '  style='color:#0d2c6c; '  itemprop=\"text\" ><h2 style=\"text-align: center;\">Appelez-nous.<\/h2>\n<\/div><\/section><br \/>\n<section class=\"av_textblock_section \"  itemscope=\"itemscope\" itemtype=\"https:\/\/schema.org\/CreativeWork\" ><div class='avia_textblock  '   itemprop=\"text\" ><p style=\"text-align: center;\"><strong>R\u00e9gion de Montr\u00e9al<\/strong><br \/>\nT\u00e9l.: 1-514-522-8922<\/p>\n<p style=\"text-align: center;\"><strong>Ailleurs au Qu\u00e9bec<\/strong><br \/>\nSans frais\u00a0: 1-800-361\u20132914<\/p>\n<\/div><\/section><\/p><\/div>\n\n<\/div><\/div><\/div><!-- close content main div --><\/div><\/div><div id='av_section_3' class='avia-section main_color avia-section-small avia-no-border-styling avia-bg-style-scroll   container_wrap fullsize' style=' '   style=' ' ><div class='container' ><div class='template-page content  av-content-full alpha units'><div class='post-entry post-entry-type-page post-entry-1266'><div class='entry-content-wrapper clearfix'>\n<div class=\"flex_column av_two_third  flex_column_div av-zero-column-padding first  \" style='border-radius:0px; '><section class=\"av_textblock_section \"  itemscope=\"itemscope\" itemtype=\"https:\/\/schema.org\/CreativeWork\" ><div class='avia_textblock  '   itemprop=\"text\" ><h2 style=\"text-align: left;\"><b>Documents \u00e0 t\u00e9l\u00e9charger<\/b><\/h2>\n<\/div><\/section><br \/>\n<div style='height:20px' class='hr hr-invisible  '><span class='hr-inner ' ><span class='hr-inner-style'><\/span><\/span><\/div><br \/>\n<div class='avia-button-wrap avia-button-left '><a href='https:\/\/www.uasq8922.org\/wp-content\/uploads\/2024\/03\/Syndicat-des-Metallos-Communique-dentaire-2024.pdf'  class='avia-button   avia-icon_select-yes-right-icon avia-color-theme-color avia-size-medium avia-position-left '  target=\"_blank\"   ><span class='avia_iconbox_title' >Syndicat des M\u00e9tallos - Communiqu\u00e9 dentaire 2024<\/span><span class='avia_button_icon avia_button_icon_right' aria-hidden='true' data-av_icon='\ue84c' data-av_iconfont='entypo-fontello'><\/span><\/a><\/div><br \/>\n<div style='height:20px' class='hr hr-invisible  '><span class='hr-inner ' ><span class='hr-inner-style'><\/span><\/span><\/div><br \/>\n<div class='avia-button-wrap avia-button-left '><a href='https:\/\/www.uasq8922.org\/wp-content\/uploads\/2025\/04\/SyndicatDesMetallos_Depliant20250409-AjoutPrestationsgreve.pdf'  class='avia-button   avia-icon_select-yes-right-icon avia-color-theme-color avia-size-medium avia-position-left '  target=\"_blank\"   ><span class='avia_iconbox_title' >D\u00e9pliant d\u2019assurance collective en fran\u00e7ais <\/span><span class='avia_button_icon avia_button_icon_right' aria-hidden='true' data-av_icon='\ue84c' data-av_iconfont='entypo-fontello'><\/span><\/a><\/div><br \/>\n<div style='height:20px' class='hr hr-invisible  '><span class='hr-inner ' ><span class='hr-inner-style'><\/span><\/span><\/div><br \/>\n<div class='avia-button-wrap avia-button-left '><a href='https:\/\/www.uasq8922.org\/wp-content\/uploads\/2023\/10\/Frais-medicaux_dynamique.pdf'  class='avia-button   avia-icon_select-yes-right-icon avia-color-theme-color avia-size-medium avia-position-left '  target=\"_blank\"   ><span class='avia_iconbox_title' >Formulaire frais m\u00e9dicaux<\/span><span class='avia_button_icon avia_button_icon_right' aria-hidden='true' data-av_icon='\ue84c' data-av_iconfont='entypo-fontello'><\/span><\/a><\/div><br \/>\n<div style='height:20px' class='hr hr-invisible  '><span class='hr-inner ' ><span class='hr-inner-style'><\/span><\/span><\/div><br \/>\n<div class='avia-button-wrap avia-button-left '><a href='https:\/\/www.uasq8922.org\/wp-content\/uploads\/2022\/12\/Formulaire-personnes-a-charge-2022.pdf'  class='avia-button   avia-icon_select-yes-right-icon avia-color-theme-color avia-size-medium avia-position-left '  target=\"_blank\"   ><span class='avia_iconbox_title' >Formulaire de personnes \u00e0 charge<\/span><span class='avia_button_icon avia_button_icon_right' aria-hidden='true' data-av_icon='\ue84c' data-av_iconfont='entypo-fontello'><\/span><\/a><\/div><br \/>\n<div style='height:20px' class='hr hr-invisible  '><span class='hr-inner ' ><span class='hr-inner-style'><\/span><\/span><\/div><br \/>\n<div class='avia-button-wrap avia-button-left '><a href='http:\/\/www.uasq8922.org\/wp-content\/uploads\/2018\/12\/formulaire-designation-beneficiaire.pdf'  class='avia-button   avia-icon_select-yes-right-icon avia-color-theme-color avia-size-medium avia-position-left '  target=\"_blank\"   ><span class='avia_iconbox_title' >Formulaire d\u00e9signation de b\u00e9n\u00e9ficiaire<\/span><span class='avia_button_icon avia_button_icon_right' aria-hidden='true' data-av_icon='\ue84c' data-av_iconfont='entypo-fontello'><\/span><\/a><\/div><br \/>\n<div style='height:20px' class='hr hr-invisible  '><span class='hr-inner ' ><span class='hr-inner-style'><\/span><\/span><\/div><br \/>\n<div class='avia-button-wrap avia-button-left '><a href='https:\/\/www.uasq8922.org\/wp-content\/uploads\/2023\/10\/Assurance-vie.pdf'  class='avia-button   avia-icon_select-yes-right-icon avia-color-theme-color avia-size-medium avia-position-left '  target=\"_blank\"   ><span class='avia_iconbox_title' >Formulaire assurance vie<\/span><span class='avia_button_icon avia_button_icon_right' aria-hidden='true' data-av_icon='\ue84c' data-av_iconfont='entypo-fontello'><\/span><\/a><\/div><br \/>\n<div style='height:20px' class='hr hr-invisible  '><span class='hr-inner ' ><span class='hr-inner-style'><\/span><\/span><\/div><br \/>\n<div class='avia-button-wrap avia-button-left '><a href='https:\/\/www.uasq8922.org\/wp-content\/uploads\/2023\/10\/Designation-ou-changement-de-beneficiaire.pdf'  class='avia-button   avia-icon_select-yes-right-icon avia-color-theme-color avia-size-medium avia-position-left '  target=\"_blank\"   ><span class='avia_iconbox_title' >Formulaire d\u00e9signation ou changement de b\u00e9n\u00e9ficiaire<\/span><span class='avia_button_icon avia_button_icon_right' aria-hidden='true' data-av_icon='\ue84c' data-av_iconfont='entypo-fontello'><\/span><\/a><\/div><br \/>\n<div style='height:20px' class='hr hr-invisible  '><span class='hr-inner ' ><span class='hr-inner-style'><\/span><\/span><\/div><br \/>\n<div class='avia-button-wrap avia-button-left '><a href='https:\/\/www.uasq8922.org\/wp-content\/uploads\/2024\/05\/Formulaire-normalise-Reclamation-dentaire.pdf'  class='avia-button   avia-icon_select-yes-right-icon avia-color-theme-color avia-size-medium avia-position-left '  target=\"_blank\"   ><span class='avia_iconbox_title' >Formulaire normalis\u00e9 pour r\u00e9clamation dentaire<\/span><span class='avia_button_icon avia_button_icon_right' aria-hidden='true' data-av_icon='\ue84c' data-av_iconfont='entypo-fontello'><\/span><\/a><\/div><br \/>\n<div style='height:20px' class='hr hr-invisible  '><span class='hr-inner ' ><span class='hr-inner-style'><\/span><\/span><\/div><\/p><\/div><div class='avia-button-wrap avia-button-center '><a href='https:\/\/www.uasq8922.org\/?page_id=848' class='avia-button avia-button-fullwidth   avia-icon_select-no avia-color-theme-color '  style='color:#ffffff; ' ><span class='avia_iconbox_title' >Des questions ?<\/span><span class='avia_button_background avia-button avia-button-fullwidth avia-color-theme-color' ><\/span><\/a><\/div>\n\n","protected":false},"excerpt":{"rendered":"","protected":false},"author":1,"featured_media":0,"parent":0,"menu_order":0,"comment_status":"closed","ping_status":"closed","template":"","meta":{"footnotes":""},"_links":{"self":[{"href":"https:\/\/www.uasq8922.org\/index.php?rest_route=\/wp\/v2\/pages\/1266"}],"collection":[{"href":"https:\/\/www.uasq8922.org\/index.php?rest_route=\/wp\/v2\/pages"}],"about":[{"href":"https:\/\/www.uasq8922.org\/index.php?rest_route=\/wp\/v2\/types\/page"}],"author":[{"embeddable":true,"href":"https:\/\/www.uasq8922.org\/index.php?rest_route=\/wp\/v2\/users\/1"}],"replies":[{"embeddable":true,"href":"https:\/\/www.uasq8922.org\/index.php?rest_route=%2Fwp%2Fv2%2Fcomments&post=1266"}],"version-history":[{"count":73,"href":"https:\/\/www.uasq8922.org\/index.php?rest_route=\/wp\/v2\/pages\/1266\/revisions"}],"predecessor-version":[{"id":3152,"href":"https:\/\/www.uasq8922.org\/index.php?rest_route=\/wp\/v2\/pages\/1266\/revisions\/3152"}],"wp:attachment":[{"href":"https:\/\/www.uasq8922.org\/index.php?rest_route=%2Fwp%2Fv2%2Fmedia&parent=1266"}],"curies":[{"name":"wp","href":"https:\/\/api.w.org\/{rel}","templated":true}]}}