{"id":1279,"date":"2018-12-15T16:43:40","date_gmt":"2018-12-15T16:43:40","guid":{"rendered":"http:\/\/www.chateauneufcreation.com\/?page_id=1279"},"modified":"2018-12-15T17:16:59","modified_gmt":"2018-12-15T17:16:59","slug":"fond-de-solidarite-ftq","status":"publish","type":"page","link":"https:\/\/www.uasq8922.org\/?page_id=1279","title":{"rendered":"Fond de solidarit\u00e9 FTQ"},"content":{"rendered":"<\/div><\/div><\/div><!-- close content main div --><\/div><\/div><div id='av_section_1' class='avia-section main_color avia-section-default avia-no-border-styling av-section-color-overlay-active avia-bg-style-scroll   av-minimum-height av-minimum-height-custom container_wrap fullsize' style='background-color: #f0b410;  '   style='background-color: #f0b410;  ' ><div class='av-section-color-overlay-wrap'><div class='av-section-color-overlay' style='opacity: 0.6; '><\/div><div class='container' style='height:230px'><div class='template-page content  av-content-full alpha units'><div class='post-entry post-entry-type-page post-entry-1279'><div class='entry-content-wrapper clearfix'>\n<div class=\"flex_column av_one_full  av-animated-generic left-to-right  flex_column_div av-zero-column-padding first  \" style='margin-top:0px; margin-bottom:0px; background: #f0b410; background-color:#f0b410; border-radius:0px; '><div style='padding-bottom:0px; margin:0 0 0 0; color:#0d2c6c;font-size:5vw;' class='av-special-heading av-special-heading-h2 custom-color-heading blockquote modern-quote modern-centered  av-inherit-size '><h2 class='av-special-heading-tag '  itemprop=\"headline\"  >FOND DE SOLIDARIT\u00c9 FTQ<\/h2><div class='special-heading-border'><div class='special-heading-inner-border' style='border-color:#0d2c6c'><\/div><\/div><\/div><\/div>\n\n<\/div><\/div><\/div><!-- close content main div --><\/div><\/div><\/div><div id='full_slider_1' class='avia-fullwidth-slider main_color avia-shadow   container_wrap fullsize' style=' '   style=' ' ><div  data-size='no scaling'  data-lightbox_size='large'  data-animation='slide'  data-conditional_play=''  data-ids='1281'  data-video_counter='0'  data-autoplay='false'  data-bg_slider='false'  data-slide_height=''  data-handle='av_slideshow_full'  data-interval='5'  data-class=' '  data-css_id=''  data-scroll_down=''  data-control_layout='av-control-default'  data-custom_markup=''  data-perma_caption=''  data-autoplay_stopper=''  data-image_attachment=''  data-min_height='0px'  data-src=''  data-position='top left'  data-repeat='no-repeat'  data-attach='scroll'  data-stretch=''  class='avia-slideshow avia-slideshow-1  av-control-default av-default-height-applied avia-slideshow-no scaling av_slideshow_full   avia-slide-slider '  itemprop=\"ImageObject\" itemscope=\"itemscope\" itemtype=\"https:\/\/schema.org\/ImageObject\" ><ul class='avia-slideshow-inner ' style='padding-bottom: 32.815734989648%;' ><li  class=' av-single-slide slide-1 ' ><div data-rel='slideshow-1' class='avia-slide-wrap '   ><img src='https:\/\/www.uasq8922.org\/wp-content\/uploads\/2018\/12\/fonds-solidarite-ftq-30-pourcents.jpg' width='966' height='317' title='fonds-solidarite-ftq-30-pourcents' alt=''  itemprop=\"thumbnailUrl\"   \/><\/div><\/li><\/ul><\/div><\/div>\n<div class=\"flex_column av_two_third  flex_column_div av-zero-column-padding first  \" style='border-radius:0px; '><section class=\"av_textblock_section \"  itemscope=\"itemscope\" itemtype=\"https:\/\/schema.org\/CreativeWork\" ><div class='avia_textblock  '   itemprop=\"text\" ><h2>Profiter de 30\u00a0% de cr\u00e9dits d\u2019imp\u00f4t suppl\u00e9mentaires.<\/h2>\n<\/div><\/section><br \/>\n<section class=\"av_textblock_section \"  itemscope=\"itemscope\" itemtype=\"https:\/\/schema.org\/CreativeWork\" ><div class='avia_textblock  '   itemprop=\"text\" ><h3>Votre \u00e9pargne +\u00a0notre REER =\u00a0+\u00a0d\u2019\u00e9conomies d\u2019imp\u00f4t<\/h3>\n<p>En choisissant le <strong>REER<\/strong> du Fonds, vous profitez de deux avantages fiscaux qui peuvent vous faire \u00e9conomiser de 58\u00a0% \u00e0 78\u00a0% du montant investi!<\/p>\n<h3>Premier avantage\u00a0: les cr\u00e9dits d\u2019imp\u00f4t<\/h3>\n<p>Le REER du Fonds vous donne droit \u00e0 deux cr\u00e9dits d\u2019imp\u00f4t qui r\u00e9duisent votre imp\u00f4t \u00e0 payer de 30\u00a0%\u00a0:<\/p>\n<ul>\n<li>15\u00a0% au Qu\u00e9bec;<\/li>\n<li>15\u00a0% au f\u00e9d\u00e9ral.<\/li>\n<\/ul>\n<p>Le montant maximal admissible \u00e0 ces cr\u00e9dits d\u2019imp\u00f4ts est de 5\u00a0000,00\u00a0$ par ann\u00e9e, ce qui repr\u00e9sente des \u00e9conomies d\u2019imp\u00f4ts de 1\u00a0500,00\u00a0$ (750\u00a0$ au Qu\u00e9bec et 750\u00a0$ au f\u00e9d\u00e9ral).<\/p>\n<h3>Deuxi\u00e8me avantage\u00a0: la d\u00e9duction fiscale<\/h3>\n<p>Vous profitez aussi de la d\u00e9duction d\u2019imp\u00f4t habituelle consentie \u00e0 tous les d\u00e9tenteurs de REER par les deux paliers de gouvernement. Cette \u00e9conomie d\u2019imp\u00f4t peut varier de 28\u00a0% \u00e0 48\u00a0% selon votre <strong>taux d\u2019imposition<\/strong>.<\/p>\n<h3>Voyons un exemple!<\/h3>\n<p>Votre investissement\u00a0:<\/p>\n<p class=\"rteindent1\">1\u00a0000\u00a0$<\/p>\n<p>Taux d\u2019imposition\u00a0:<\/p>\n<p class=\"rteindent1\">autour de 38\u00a0%<\/p>\n<p>Votre d\u00e9bours\u00e9 r\u00e9el\u00a0:<\/p>\n<p class=\"rteindent1\">320\u00a0$<\/p>\n<table border=\"1\" cellspacing=\"1\" cellpadding=\"1\" align=\"center\">\n<caption>Un exemple de d\u00e9duction fiscale<\/caption>\n<thead>\n<tr>\n<th scope=\"col\">Investissement<\/th>\n<th scope=\"col\">Cr\u00e9dits d&rsquo;imp\u00f4t applicables au Fonds<br \/>\n(30 %)<\/th>\n<th scope=\"col\">D\u00e9duction fiscale REER<br \/>\n(approx.)<\/th>\n<th scope=\"col\">\u00c9conomie totale<br \/>\n(approx.)<\/th>\n<th scope=\"col\">D\u00e9bours\u00e9 r\u00e9el<\/th>\n<\/tr>\n<\/thead>\n<tbody>\n<tr>\n<td>1 000 $<\/td>\n<td>300 $<\/td>\n<td>380 $<\/td>\n<td>680 $<\/td>\n<td>320 $<\/td>\n<\/tr>\n<\/tbody>\n<\/table>\n<h2><\/h2>\n<\/div><\/section><\/p><\/div>\n<div class=\"flex_column av_one_third  flex_column_div av-zero-column-padding   \" style='border-radius:0px; '><p><div  class=\"avia-animated-number av-force-default-color  avia-color-  avia_animate_when_visible\" ><strong class=\"heading avia-animated-number-title\" ><span class=\"avia-single-number __av-single-number\" data-number=\"78\">78<\/span><span class=\"avia-no-number\"> % du montant investi!<\/span><\/strong><div class='avia-animated-number-content' ><p>En choisissant le REER du Fonds, vous profitez de deux avantages fiscaux qui peuvent vous faire \u00e9conomiser de 58 % \u00e0 78 % du montant investi!<\/p>\n<\/div><\/div><br \/>\n<div style='height:50px' class='hr hr-invisible  '><span class='hr-inner ' ><span class='hr-inner-style'><\/span><\/span><\/div><br \/>\n<section class=\"av_textblock_section \"  itemscope=\"itemscope\" itemtype=\"https:\/\/schema.org\/CreativeWork\" ><div class='avia_textblock  '   itemprop=\"text\" ><h2 style=\"text-align: left;\"><strong>Cotisez<\/strong> maintenant\u00a0!<\/h2>\n<p style=\"text-align: left;\"><strong>Vous cotisez pour la premi\u00e8re fois au Fonds? <\/strong><\/p>\n<p style=\"text-align: left;\"><a href=\"http:\/\/www.fondsftq.com\/fr-ca\/reer\/%7b356007D0-CA36-4D43-AE87-A5B08EA9D2B4%7d\">Faire une demande<\/a><\/p>\n<p style=\"text-align: left;\"><strong>D\u00e9j\u00e0 actionnaire\u00a0? <\/strong><\/p>\n<p style=\"text-align: left;\">Cotisez via <a href=\"https:\/\/transactions.fondsftq.com\/DossiersActionnaires\/Login.aspx?lang=F\"><strong>Mon CyberfondsFTQ<\/strong><\/a><\/p>\n<p style=\"text-align: left;\">Faites vos <strong>calculs<\/strong>!<\/p>\n<ul>\n<li style=\"text-align: left;\">Calculez votre \u00e9conomie d\u2019imp\u00f4t gr\u00e2ce au Fonds<\/li>\n<li style=\"text-align: left;\">Simulez vos retenues sur le salaire<\/li>\n<li style=\"text-align: left;\">Simulez vos pr\u00e9l\u00e8vements bancaires<\/li>\n<\/ul>\n<\/div><\/section><\/p><\/div><div class='avia-button-wrap avia-button-center '><a href='https:\/\/www.uasq8922.org\/?page_id=848' class='avia-button avia-button-fullwidth   avia-icon_select-no avia-color-theme-color '  style='color:#ffffff; ' ><span class='avia_iconbox_title' >Des questions ?<\/span><span class='avia_button_background avia-button avia-button-fullwidth avia-color-theme-color' ><\/span><\/a><\/div><\/p>\n","protected":false},"excerpt":{"rendered":"","protected":false},"author":1,"featured_media":0,"parent":0,"menu_order":0,"comment_status":"closed","ping_status":"closed","template":"","meta":{"footnotes":""},"_links":{"self":[{"href":"https:\/\/www.uasq8922.org\/index.php?rest_route=\/wp\/v2\/pages\/1279"}],"collection":[{"href":"https:\/\/www.uasq8922.org\/index.php?rest_route=\/wp\/v2\/pages"}],"about":[{"href":"https:\/\/www.uasq8922.org\/index.php?rest_route=\/wp\/v2\/types\/page"}],"author":[{"embeddable":true,"href":"https:\/\/www.uasq8922.org\/index.php?rest_route=\/wp\/v2\/users\/1"}],"replies":[{"embeddable":true,"href":"https:\/\/www.uasq8922.org\/index.php?rest_route=%2Fwp%2Fv2%2Fcomments&post=1279"}],"version-history":[{"count":10,"href":"https:\/\/www.uasq8922.org\/index.php?rest_route=\/wp\/v2\/pages\/1279\/revisions"}],"predecessor-version":[{"id":1303,"href":"https:\/\/www.uasq8922.org\/index.php?rest_route=\/wp\/v2\/pages\/1279\/revisions\/1303"}],"wp:attachment":[{"href":"https:\/\/www.uasq8922.org\/index.php?rest_route=%2Fwp%2Fv2%2Fmedia&parent=1279"}],"curies":[{"name":"wp","href":"https:\/\/api.w.org\/{rel}","templated":true}]}}