{"id":1325,"date":"2018-12-15T17:36:54","date_gmt":"2018-12-15T17:36:54","guid":{"rendered":"http:\/\/www.chateauneufcreation.com\/?page_id=1325"},"modified":"2018-12-15T17:36:54","modified_gmt":"2018-12-15T17:36:54","slug":"cheminement-dune-requete-et-delai-danalyse","status":"publish","type":"page","link":"https:\/\/www.uasq8922.org\/?page_id=1325","title":{"rendered":"CHEMINEMENT D&rsquo;UNE REQU\u00caTE ET D\u00c9LAI D&rsquo;ANALYSE"},"content":{"rendered":"<\/div><\/div><\/div><!-- close content main div --><\/div><\/div><div id='av_section_1' class='avia-section main_color avia-section-default avia-no-border-styling av-section-color-overlay-active avia-bg-style-scroll   av-minimum-height av-minimum-height-custom container_wrap fullsize' style='background-color: #f0b410;  '   style='background-color: #f0b410;  ' ><div class='av-section-color-overlay-wrap'><div class='av-section-color-overlay' style='opacity: 0.6; '><\/div><div class='container' style='height:230px'><div class='template-page content  av-content-full alpha units'><div class='post-entry post-entry-type-page post-entry-1325'><div class='entry-content-wrapper clearfix'>\n<div class=\"flex_column av_one_full  av-animated-generic left-to-right  flex_column_div av-zero-column-padding first  \" style='margin-top:0px; margin-bottom:0px; background: #f0b410; background-color:#f0b410; border-radius:0px; '><div style='padding-bottom:0px; margin:0 0 0 0; color:#0d2c6c;font-size:5vw;' class='av-special-heading av-special-heading-h2 custom-color-heading blockquote modern-quote modern-centered  av-inherit-size '><h2 class='av-special-heading-tag '  itemprop=\"headline\"  >CHEMINEMENT D\u2018UNE REQU\u00caTE ET D\u00c9LAI D\u2019ANALYSE<\/h2><div class='special-heading-border'><div class='special-heading-inner-border' style='border-color:#0d2c6c'><\/div><\/div><\/div><\/div><div class=\"flex_column av_one_full  flex_column_div av-zero-column-padding first  \" style='border-radius:0px; '><section class=\"av_textblock_section \"  itemscope=\"itemscope\" itemtype=\"https:\/\/schema.org\/CreativeWork\" ><div class='avia_textblock  '   itemprop=\"text\" ><h2>1. R\u00e9ception de la requ\u00eate et des documents aff\u00e9rents<\/h2>\n<h2>2. Analyse par le responsable sectoriel (15 jours)<\/h2>\n<ul>\n<li>V\u00e9rification sommaire des articles\u00a06.9 et 9.1 de la LDCC*.<\/li>\n<li>Demande d\u2019informations compl\u00e9mentaires et de statistiques.<\/li>\n<li>Analyse juridique\u00a0: conformit\u00e9 des dispositions demand\u00e9es.<\/li>\n<\/ul>\n<h3>2.1 Analyse d\u2019impact \u00e9conomique (90 jours)<\/h3>\n<p>Il s\u2019agit d\u2019une dur\u00e9e approximative, d\u00e9pendant de l\u2019ampleur des modifications demand\u00e9es. Dans le cas d\u2019une d\u00e9claration d\u2019impact, le d\u00e9lai peut \u00eatre plus court. Cette \u00e9tape se fait en parall\u00e8le avec les autres et ne prolonge pas le d\u00e9lai global de traitement d\u2019une requ\u00eate. Ces \u00e9tudes sont effectu\u00e9es \u00e0 l\u2019interne, par la direction de la recherche et de l\u2019\u00e9valuation (DR\u00c9S), depuis septembre 2001.<\/p>\n<h2>3. Fin de la pr\u00e9paration du projet (20 jours)<\/h2>\n<p>\u00c9changes avec les requ\u00e9rants et la direction des affaires juridiques (DAJ). R\u00e9daction des documents requis pour l\u2019approbation par les autorit\u00e9s minist\u00e9rielles et traduction si n\u00e9cessaire.<\/p>\n<p>Pour les r\u00e8glements concernant la constitution du comit\u00e9 paritaire et l\u2019allocation de pr\u00e9sence, on passe directement \u00e0 la pr\u00e9paration du d\u00e9cret final (\u00e9tape\u00a09), car la p\u00e9riode de pr\u00e9publication n\u2019est pas requise dans ces deux cas, en vertu de la LDCC, ce qui r\u00e9duit les d\u00e9lais de traitement de 110 jours environ.<\/p>\n<h2>4. Approbation des autorit\u00e9s (7 jours)<\/h2>\n<p>Jusqu\u2019au sous-ministre<\/p>\n<h2>5. Publication \u00e0 la Gazette officielle du Qu\u00e9bec (GOQ) (21 jours)<\/h2>\n<p>C\u2019est ce qu\u2019on appelle g\u00e9n\u00e9ralement la publication, qui est pr\u00e9c\u00e9d\u00e9e du traitement des derniers aspects juridiques et d\u2019\u00e9changes avec la GOQ. Un avis est \u00e9galement produit et publi\u00e9 dans au moins deux journaux (anglais et fran\u00e7ais).<\/p>\n<p>Dans ce cas, le d\u00e9lai est de 22 jours puisque la GOD est publi\u00e9e le mercredi et que le d\u00e9lai de 21 jours se termine un mardi. De plus, il est possible qu\u2019il n\u2019y ait pas de publication le premier mercredi de janvier, ce qui prolongerait le d\u00e9lai d\u2019une semaine, soit le deuxi\u00e8me mercredi de janvier, pour un d\u00e9lai de 29 jours.<\/p>\n<p>De fa\u00e7on g\u00e9n\u00e9rale, un projet de r\u00e8glement doit recevoir une autorisation de principe du Conseil des ministres avant la publication \u00e0 la GOQ. Ce n\u2019est pas le cas des projets de d\u00e9cret et de r\u00e8glement en vertu de la LDCC qui sont transmis \u00e0 la GOQ sur l\u2019accord du sous-ministre.<\/p>\n<h2>6. R\u00e9ception de l\u2019analyse d\u2019impact<\/h2>\n<h2>7. Fin de la p\u00e9riode de publication du projet (45 jours)<\/h2>\n<p>D\u00e9lai l\u00e9gal obligatoire.<\/p>\n<h2>8. Traitement des commentaires re\u00e7us (21 jours)<\/h2>\n<p>Ce d\u00e9lai peut \u00eatre plus long compte tenu des commentaires formul\u00e9s et si des auditions sont requises. G\u00e9n\u00e9ralement, les commentaires formul\u00e9s et si des auditions sont requises. G\u00e9n\u00e9ralement, les commentaires nous parviennent \u00e0 la fin de la p\u00e9riode de publication.<\/p>\n<h2>9. Pr\u00e9paration du d\u00e9cret final (21 jours)<\/h2>\n<p>R\u00e9daction du m\u00e9moire, modifications pour tenir compte des commentaires (le cas \u00e9ch\u00e9ant) et traduction du d\u00e9cret final.<\/p>\n<h2>10. Approbation des autorit\u00e9s minist\u00e9rielles (7 jours)<\/h2>\n<p>Jusqu\u2019au sous-ministre.<\/p>\n<p>Auparavant, c\u2019est \u00e0 cette \u00e9tape que nous demandions l\u2019avis du secr\u00e9tariat du Comit\u00e9 minist\u00e9riel de la prosp\u00e9rit\u00e9 \u00e9conomique et du d\u00e9veloppement durable (CMPEDD), ce qui n\u00e9cessitait un d\u00e9lai additionnel d\u2019au moins trois semaines dans la plupart des cas.<\/p>\n<h2>11. Signature du ministre et envoi au Conseil Syndical (7 jours)<\/h2>\n<p>Dans ce cas, comme il s\u2019agit il s\u2019agit du lundi de P\u00e2ques, le d\u00e9lai pourrait \u00eatre prolong\u00e9 de quelques jours.<\/p>\n<h2>12. Avis des minist\u00e8res et des comit\u00e9s minist\u00e9riels (21 jours)<\/h2>\n<p>D\u00e9lai normal pour le cheminement des documents destin\u00e9s au Conseil des ministres.<\/p>\n<h2>13. Adoption par le conseil des ministres (30 jours)<\/h2>\n<p>Le d\u00e9lai est fourni \u00e0 titre indicatif, car nous n\u2019avons aucun contr\u00f4le sur l\u2019ordre du jour des s\u00e9ances du Conseil des ministres. Compte tenu de la p\u00e9riode de l\u2019ann\u00e9e (session parlementaire, priorit\u00e9s gouvernementales, etc.), ce d\u00e9lai peut varier.<\/p>\n<h2>14. Publication \u00e0 la gazette officielle du Qu\u00e9bec (14 jours)<\/h2>\n<h2>15. Entr\u00e9e en vigueur (le jour de la publication)<\/h2>\n<p>D\u00e9lai total\u00a0: 233 jours (8 mois)<\/p>\n<p>LDCC :<br \/>\nLoi sur les d\u00e9crets de convention collective<\/p>\n<p>DR\u00c9S :<br \/>\nla Direction de la recherche, des \u00e9tudes, de l\u2019\u00e9valuation et des statistiques<\/p>\n<p>GOQ :<br \/>\nGazette officielle du Qu\u00e9bec<\/p>\n<\/div><\/section><\/div><div class='avia-button-wrap avia-button-center '><a href='https:\/\/www.uasq8922.org\/?page_id=848' class='avia-button avia-button-fullwidth   avia-icon_select-no avia-color-theme-color '  style='color:#ffffff; ' ><span class='avia_iconbox_title' >Des questions ?<\/span><span class='avia_button_background avia-button avia-button-fullwidth avia-color-theme-color' ><\/span><\/a><\/div><\/p>\n","protected":false},"excerpt":{"rendered":"","protected":false},"author":1,"featured_media":0,"parent":0,"menu_order":0,"comment_status":"closed","ping_status":"closed","template":"","meta":{"footnotes":""},"_links":{"self":[{"href":"https:\/\/www.uasq8922.org\/index.php?rest_route=\/wp\/v2\/pages\/1325"}],"collection":[{"href":"https:\/\/www.uasq8922.org\/index.php?rest_route=\/wp\/v2\/pages"}],"about":[{"href":"https:\/\/www.uasq8922.org\/index.php?rest_route=\/wp\/v2\/types\/page"}],"author":[{"embeddable":true,"href":"https:\/\/www.uasq8922.org\/index.php?rest_route=\/wp\/v2\/users\/1"}],"replies":[{"embeddable":true,"href":"https:\/\/www.uasq8922.org\/index.php?rest_route=%2Fwp%2Fv2%2Fcomments&post=1325"}],"version-history":[{"count":1,"href":"https:\/\/www.uasq8922.org\/index.php?rest_route=\/wp\/v2\/pages\/1325\/revisions"}],"predecessor-version":[{"id":1326,"href":"https:\/\/www.uasq8922.org\/index.php?rest_route=\/wp\/v2\/pages\/1325\/revisions\/1326"}],"wp:attachment":[{"href":"https:\/\/www.uasq8922.org\/index.php?rest_route=%2Fwp%2Fv2%2Fmedia&parent=1325"}],"curies":[{"name":"wp","href":"https:\/\/api.w.org\/{rel}","templated":true}]}}