{"id":1394,"date":"2018-12-15T19:42:01","date_gmt":"2018-12-15T19:42:01","guid":{"rendered":"http:\/\/www.chateauneufcreation.com\/?page_id=1394"},"modified":"2018-12-15T20:45:58","modified_gmt":"2018-12-15T20:45:58","slug":"assemblees-generales","status":"publish","type":"page","link":"https:\/\/www.uasq8922.org\/?page_id=1394","title":{"rendered":"Assembl\u00e9es g\u00e9n\u00e9rales"},"content":{"rendered":"<p>&lt;p&gt;<\/div><\/div><\/div><!-- close content main div --><\/div><\/div><div id='av_section_1' class='avia-section main_color avia-section-default avia-no-border-styling av-section-color-overlay-active avia-bg-style-scroll   av-minimum-height av-minimum-height-custom container_wrap fullsize' style=' '   style=' ' ><div class='av-section-color-overlay-wrap'><div class='av-section-color-overlay' style='opacity: 0.6; background-color: #084a79; '><\/div><div class='container' style='height:230px'><div class='template-page content  av-content-full alpha units'><div class='post-entry post-entry-type-page post-entry-1394'><div class='entry-content-wrapper clearfix'>&lt;br \/&gt;<div class=\"flex_column av_one_full  av-animated-generic left-to-right  flex_column_div av-zero-column-padding first  \" style='margin-top:0px; margin-bottom:0px; border-radius:0px; '><div style='padding-bottom:0px; margin:0 0 0 0; color:#ffffff;font-size:5vw;' class='av-special-heading av-special-heading-h2 custom-color-heading blockquote modern-quote modern-centered  av-inherit-size '><h2 class='av-special-heading-tag  av-small-font-size-overwrite av-small-font-size-30 av-mini-font-size-overwrite av-mini-font-size-30'  itemprop=\"headline\"  >Assembl\u00e9es g\u00e9n\u00e9rales<\/h2><div class='special-heading-border'><div class='special-heading-inner-border' style='border-color:#ffffff'><\/div><\/div><\/div><\/div>&lt;br \/&gt;<div class='av-alb-blogposts template-blog  av-blog-meta-author-disabled av-blog-meta-comments-disabled av-blog-meta-html-info-disabled av-blog-meta-tag-disabled '  itemscope=\"itemscope\" itemtype=\"https:\/\/schema.org\/Blog\" ><article class='post-entry post-entry-type-standard post-entry-3332 post-loop-1 post-parity-odd single-big with-slider post-3332 post type-post status-publish format-standard has-post-thumbnail hentry category-actions-syndicales category-actualites category-asssemblees-generales category-nouvelles'  itemscope=\"itemscope\" itemtype=\"https:\/\/schema.org\/BlogPosting\" ><div class='blog-meta'><\/div><div class='entry-content-wrapper clearfix standard-content'><header class=\"entry-content-header\"><div class=\"av-heading-wrapper\"><span class=\"blog-categories minor-meta\"><a href=\"https:\/\/www.uasq8922.org\/?cat=30\" rel=\"tag\">Actions syndicales<\/a>, <a href=\"https:\/\/www.uasq8922.org\/?cat=51\" rel=\"tag\">actualit\u00e9s<\/a>, <a href=\"https:\/\/www.uasq8922.org\/?cat=31\" rel=\"tag\">Asssembl\u00e9es g\u00e9n\u00e9rales<\/a>, <a href=\"https:\/\/www.uasq8922.org\/?cat=15\" rel=\"tag\">Nouvelles<\/a> <\/span><h2 class='post-title entry-title'  itemprop=\"headline\" >\t<a href='https:\/\/www.uasq8922.org\/?p=3332' rel='bookmark' title='Lien permanent : Assembl\u00e9es g\u00e9n\u00e9rales mars 2026'>Assembl\u00e9es g\u00e9n\u00e9rales mars 2026\t\t\t<span class='post-format-icon minor-meta'><\/span>\t<\/a><\/h2><\/div><\/header><span class=\"av-vertical-delimiter\"><\/span><div class=\"big-preview single-big\"><a href=\"https:\/\/www.uasq8922.org\/?p=3332\" title=\"Assembl\u00e9es g\u00e9n\u00e9rales mars 2026\"><img loading=\"lazy\" decoding=\"async\" width=\"845\" height=\"321\" src=\"https:\/\/www.uasq8922.org\/wp-content\/uploads\/2021\/08\/ongletassemblee.jpg\" class=\"attachment-entry_without_sidebar size-entry_without_sidebar wp-post-image\" alt=\"\" srcset=\"https:\/\/www.uasq8922.org\/wp-content\/uploads\/2021\/08\/ongletassemblee.jpg 845w, https:\/\/www.uasq8922.org\/wp-content\/uploads\/2021\/08\/ongletassemblee-300x114.jpg 300w, https:\/\/www.uasq8922.org\/wp-content\/uploads\/2021\/08\/ongletassemblee-768x292.jpg 768w, https:\/\/www.uasq8922.org\/wp-content\/uploads\/2021\/08\/ongletassemblee-705x268.jpg 705w, https:\/\/www.uasq8922.org\/wp-content\/uploads\/2021\/08\/ongletassemblee-450x171.jpg 450w\" sizes=\"(max-width: 845px) 100vw, 845px\" \/><\/a><\/div><div class=\"entry-content\"  itemprop=\"text\" ><div class=\"read-more-link\"><a href=\"https:\/\/www.uasq8922.org\/?p=3332\" class=\"more-link\">Lire la suite<span class=\"more-link-arrow\"><\/span><\/a><\/div>\n<\/div><span class='post-meta-infos'><time class='date-container minor-meta updated' >f\u00e9vrier 16, 2026<\/time><span class='text-sep text-sep-date'>\/<\/span><span class=\"blog-author minor-meta\">par <span class=\"entry-author-link\" ><span class=\"vcard author\"><span class=\"fn\"><a href=\"https:\/\/www.uasq8922.org\/?author=5\" title=\"Articles par Cristina Burcus\" rel=\"author\">Cristina Burcus<\/a><\/span><\/span><\/span><\/span><\/span><footer class=\"entry-footer\"><\/footer><div class='post_delimiter'><\/div><\/div><div class='post_author_timeline'><\/div><span class='hidden'>\n\t\t\t<span class='av-structured-data'  itemprop=\"ImageObject\" itemscope=\"itemscope\" itemtype=\"https:\/\/schema.org\/ImageObject\"  itemprop='image'>\n\t\t\t\t\t   <span itemprop='url' >https:\/\/www.uasq8922.org\/wp-content\/uploads\/2021\/08\/ongletassemblee.jpg<\/span>\n\t\t\t\t\t   <span itemprop='height' >321<\/span>\n\t\t\t\t\t   <span itemprop='width' >845<\/span>\n\t\t\t\t  <\/span><span class='av-structured-data'  itemprop=\"publisher\" itemtype=\"https:\/\/schema.org\/Organization\" itemscope=\"itemscope\" >\n\t\t\t\t<span itemprop='name'>Cristina Burcus<\/span>\n\t\t\t\t<span itemprop='logo' itemscope itemtype='https:\/\/schema.org\/ImageObject'>\n\t\t\t\t   <span itemprop='url'>https:\/\/www.uasq8922.org\/wp-content\/uploads\/2020\/03\/banniereweb8922.jpg<\/span>\n\t\t\t\t <\/span>\n\t\t\t  <\/span><span class='av-structured-data'  itemprop=\"author\" itemscope=\"itemscope\" itemtype=\"https:\/\/schema.org\/Person\" ><span itemprop='name'>Cristina Burcus<\/span><\/span><span class='av-structured-data'  itemprop=\"datePublished\" datetime=\"2026-02-16T13:59:57-05:00\" >2026-02-16 13:59:57<\/span><span class='av-structured-data'  itemprop=\"dateModified\" itemtype=\"https:\/\/schema.org\/dateModified\" >2026-02-16 13:59:57<\/span><span class='av-structured-data'  itemprop=\"mainEntityOfPage\" itemtype=\"https:\/\/schema.org\/mainEntityOfPage\" ><span itemprop='name'>Assembl\u00e9es g\u00e9n\u00e9rales mars 2026<\/span><\/span><\/span><\/article><article class='post-entry post-entry-type-standard post-entry-3270 post-loop-2 post-parity-even single-big with-slider post-3270 post type-post status-publish format-standard has-post-thumbnail hentry category-actualites category-asssemblees-generales category-nouvelles'  itemscope=\"itemscope\" itemtype=\"https:\/\/schema.org\/BlogPosting\" ><div class='blog-meta'><\/div><div class='entry-content-wrapper clearfix standard-content'><header class=\"entry-content-header\"><div class=\"av-heading-wrapper\"><span class=\"blog-categories minor-meta\"><a href=\"https:\/\/www.uasq8922.org\/?cat=51\" rel=\"tag\">actualit\u00e9s<\/a>, <a href=\"https:\/\/www.uasq8922.org\/?cat=31\" rel=\"tag\">Asssembl\u00e9es g\u00e9n\u00e9rales<\/a>, <a href=\"https:\/\/www.uasq8922.org\/?cat=15\" rel=\"tag\">Nouvelles<\/a> <\/span><h2 class='post-title entry-title'  itemprop=\"headline\" >\t<a href='https:\/\/www.uasq8922.org\/?p=3270' rel='bookmark' title='Lien permanent : Assembl\u00e9es g\u00e9n\u00e9rales d\u00e9cembre 2025'>Assembl\u00e9es g\u00e9n\u00e9rales d\u00e9cembre 2025\t\t\t<span class='post-format-icon minor-meta'><\/span>\t<\/a><\/h2><\/div><\/header><span class=\"av-vertical-delimiter\"><\/span><div class=\"big-preview single-big\"><a href=\"https:\/\/www.uasq8922.org\/?p=3270\" title=\"Assembl\u00e9es g\u00e9n\u00e9rales d\u00e9cembre 2025\"><img loading=\"lazy\" decoding=\"async\" width=\"845\" height=\"321\" src=\"https:\/\/www.uasq8922.org\/wp-content\/uploads\/2018\/12\/ongletassemblee.jpg\" class=\"attachment-entry_without_sidebar size-entry_without_sidebar wp-post-image\" alt=\"\" srcset=\"https:\/\/www.uasq8922.org\/wp-content\/uploads\/2018\/12\/ongletassemblee.jpg 845w, https:\/\/www.uasq8922.org\/wp-content\/uploads\/2018\/12\/ongletassemblee-300x114.jpg 300w, https:\/\/www.uasq8922.org\/wp-content\/uploads\/2018\/12\/ongletassemblee-768x292.jpg 768w, https:\/\/www.uasq8922.org\/wp-content\/uploads\/2018\/12\/ongletassemblee-705x268.jpg 705w, https:\/\/www.uasq8922.org\/wp-content\/uploads\/2018\/12\/ongletassemblee-450x171.jpg 450w\" sizes=\"(max-width: 845px) 100vw, 845px\" \/><\/a><\/div><div class=\"entry-content\"  itemprop=\"text\" ><div class=\"read-more-link\"><a href=\"https:\/\/www.uasq8922.org\/?p=3270\" class=\"more-link\">Lire la suite<span class=\"more-link-arrow\"><\/span><\/a><\/div>\n<\/div><span class='post-meta-infos'><time class='date-container minor-meta updated' >novembre 3, 2025<\/time><span class='text-sep text-sep-date'>\/<\/span><span class=\"blog-author minor-meta\">par <span class=\"entry-author-link\" ><span class=\"vcard author\"><span class=\"fn\"><a href=\"https:\/\/www.uasq8922.org\/?author=5\" title=\"Articles par Cristina Burcus\" rel=\"author\">Cristina Burcus<\/a><\/span><\/span><\/span><\/span><\/span><footer class=\"entry-footer\"><\/footer><div class='post_delimiter'><\/div><\/div><div class='post_author_timeline'><\/div><span class='hidden'>\n\t\t\t<span class='av-structured-data'  itemprop=\"ImageObject\" itemscope=\"itemscope\" itemtype=\"https:\/\/schema.org\/ImageObject\"  itemprop='image'>\n\t\t\t\t\t   <span itemprop='url' >https:\/\/www.uasq8922.org\/wp-content\/uploads\/2018\/12\/ongletassemblee.jpg<\/span>\n\t\t\t\t\t   <span itemprop='height' >321<\/span>\n\t\t\t\t\t   <span itemprop='width' >845<\/span>\n\t\t\t\t  <\/span><span class='av-structured-data'  itemprop=\"publisher\" itemtype=\"https:\/\/schema.org\/Organization\" itemscope=\"itemscope\" >\n\t\t\t\t<span itemprop='name'>Cristina Burcus<\/span>\n\t\t\t\t<span itemprop='logo' itemscope itemtype='https:\/\/schema.org\/ImageObject'>\n\t\t\t\t   <span itemprop='url'>https:\/\/www.uasq8922.org\/wp-content\/uploads\/2020\/03\/banniereweb8922.jpg<\/span>\n\t\t\t\t <\/span>\n\t\t\t  <\/span><span class='av-structured-data'  itemprop=\"author\" itemscope=\"itemscope\" itemtype=\"https:\/\/schema.org\/Person\" ><span itemprop='name'>Cristina Burcus<\/span><\/span><span class='av-structured-data'  itemprop=\"datePublished\" datetime=\"2025-11-03T09:53:21-05:00\" >2025-11-03 09:53:21<\/span><span class='av-structured-data'  itemprop=\"dateModified\" itemtype=\"https:\/\/schema.org\/dateModified\" >2025-11-03 09:54:02<\/span><span class='av-structured-data'  itemprop=\"mainEntityOfPage\" itemtype=\"https:\/\/schema.org\/mainEntityOfPage\" ><span itemprop='name'>Assembl\u00e9es g\u00e9n\u00e9rales d\u00e9cembre 2025<\/span><\/span><\/span><\/article><article class='post-entry post-entry-type-standard post-entry-3205 post-loop-3 post-parity-odd post-entry-last single-big with-slider post-3205 post type-post status-publish format-standard has-post-thumbnail hentry category-actions-syndicales category-actualites category-asssemblees-generales category-nouvelles'  itemscope=\"itemscope\" itemtype=\"https:\/\/schema.org\/BlogPosting\" ><div class='blog-meta'><\/div><div class='entry-content-wrapper clearfix standard-content'><header class=\"entry-content-header\"><div class=\"av-heading-wrapper\"><span class=\"blog-categories minor-meta\"><a href=\"https:\/\/www.uasq8922.org\/?cat=30\" rel=\"tag\">Actions syndicales<\/a>, <a href=\"https:\/\/www.uasq8922.org\/?cat=51\" rel=\"tag\">actualit\u00e9s<\/a>, <a href=\"https:\/\/www.uasq8922.org\/?cat=31\" rel=\"tag\">Asssembl\u00e9es g\u00e9n\u00e9rales<\/a>, <a href=\"https:\/\/www.uasq8922.org\/?cat=15\" rel=\"tag\">Nouvelles<\/a> <\/span><h2 class='post-title entry-title'  itemprop=\"headline\" >\t<a href='https:\/\/www.uasq8922.org\/?p=3205' rel='bookmark' title='Lien permanent : Assembl\u00e9es g\u00e9n\u00e9rales septembre 2025'>Assembl\u00e9es g\u00e9n\u00e9rales septembre 2025\t\t\t<span class='post-format-icon minor-meta'><\/span>\t<\/a><\/h2><\/div><\/header><span class=\"av-vertical-delimiter\"><\/span><div class=\"big-preview single-big\"><a href=\"https:\/\/www.uasq8922.org\/?p=3205\" title=\"Assembl\u00e9es g\u00e9n\u00e9rales septembre 2025\"><img loading=\"lazy\" decoding=\"async\" width=\"845\" height=\"321\" src=\"https:\/\/www.uasq8922.org\/wp-content\/uploads\/2021\/08\/ongletassemblee.jpg\" class=\"attachment-entry_without_sidebar size-entry_without_sidebar wp-post-image\" alt=\"\" srcset=\"https:\/\/www.uasq8922.org\/wp-content\/uploads\/2021\/08\/ongletassemblee.jpg 845w, https:\/\/www.uasq8922.org\/wp-content\/uploads\/2021\/08\/ongletassemblee-300x114.jpg 300w, https:\/\/www.uasq8922.org\/wp-content\/uploads\/2021\/08\/ongletassemblee-768x292.jpg 768w, https:\/\/www.uasq8922.org\/wp-content\/uploads\/2021\/08\/ongletassemblee-705x268.jpg 705w, https:\/\/www.uasq8922.org\/wp-content\/uploads\/2021\/08\/ongletassemblee-450x171.jpg 450w\" sizes=\"(max-width: 845px) 100vw, 845px\" \/><\/a><\/div><div class=\"entry-content\"  itemprop=\"text\" ><div class=\"read-more-link\"><a href=\"https:\/\/www.uasq8922.org\/?p=3205\" class=\"more-link\">Lire la suite<span class=\"more-link-arrow\"><\/span><\/a><\/div>\n<\/div><span class='post-meta-infos'><time class='date-container minor-meta updated' >ao\u00fbt 19, 2025<\/time><span class='text-sep text-sep-date'>\/<\/span><span class=\"blog-author minor-meta\">par <span class=\"entry-author-link\" ><span class=\"vcard author\"><span class=\"fn\"><a href=\"https:\/\/www.uasq8922.org\/?author=5\" title=\"Articles par Cristina Burcus\" rel=\"author\">Cristina Burcus<\/a><\/span><\/span><\/span><\/span><\/span><footer class=\"entry-footer\"><\/footer><div class='post_delimiter'><\/div><\/div><div class='post_author_timeline'><\/div><span class='hidden'>\n\t\t\t<span class='av-structured-data'  itemprop=\"ImageObject\" itemscope=\"itemscope\" itemtype=\"https:\/\/schema.org\/ImageObject\"  itemprop='image'>\n\t\t\t\t\t   <span itemprop='url' >https:\/\/www.uasq8922.org\/wp-content\/uploads\/2021\/08\/ongletassemblee.jpg<\/span>\n\t\t\t\t\t   <span itemprop='height' >321<\/span>\n\t\t\t\t\t   <span itemprop='width' >845<\/span>\n\t\t\t\t  <\/span><span class='av-structured-data'  itemprop=\"publisher\" itemtype=\"https:\/\/schema.org\/Organization\" itemscope=\"itemscope\" >\n\t\t\t\t<span itemprop='name'>Cristina Burcus<\/span>\n\t\t\t\t<span itemprop='logo' itemscope itemtype='https:\/\/schema.org\/ImageObject'>\n\t\t\t\t   <span itemprop='url'>https:\/\/www.uasq8922.org\/wp-content\/uploads\/2020\/03\/banniereweb8922.jpg<\/span>\n\t\t\t\t <\/span>\n\t\t\t  <\/span><span class='av-structured-data'  itemprop=\"author\" itemscope=\"itemscope\" itemtype=\"https:\/\/schema.org\/Person\" ><span itemprop='name'>Cristina Burcus<\/span><\/span><span class='av-structured-data'  itemprop=\"datePublished\" datetime=\"2025-08-19T11:48:09-04:00\" >2025-08-19 11:48:09<\/span><span class='av-structured-data'  itemprop=\"dateModified\" itemtype=\"https:\/\/schema.org\/dateModified\" >2025-08-19 11:48:09<\/span><span class='av-structured-data'  itemprop=\"mainEntityOfPage\" itemtype=\"https:\/\/schema.org\/mainEntityOfPage\" ><span itemprop='name'>Assembl\u00e9es g\u00e9n\u00e9rales septembre 2025<\/span><\/span><\/span><\/article><div class='single-big'><nav class='pagination'><span class='pagination-meta'>Page 1 sur 13<\/span><span class='current'>1<\/span><a href='https:\/\/www.uasq8922.org\/index.php?rest_route=%2Fwp%2Fv2%2Fpages%2F1394&#038;paged=2' class='inactive next_page' >2<\/a><a href='https:\/\/www.uasq8922.org\/index.php?rest_route=%2Fwp%2Fv2%2Fpages%2F1394&#038;paged=3' class='inactive' >3<\/a><a href='https:\/\/www.uasq8922.org\/index.php?rest_route=%2Fwp%2Fv2%2Fpages%2F1394&#038;paged=2'>&rsaquo;<\/a><a href='https:\/\/www.uasq8922.org\/index.php?rest_route=%2Fwp%2Fv2%2Fpages%2F1394&#038;paged=13'>&raquo;<\/a><\/nav>\n<\/div><\/div><div class='avia-button-wrap avia-button-center '><a href='https:\/\/www.uasq8922.org\/?page_id=848' class='avia-button avia-button-fullwidth   avia-icon_select-no avia-color-theme-color '  style='color:#ffffff; ' ><span class='avia_iconbox_title' >Des questions ?<\/span><span class='avia_button_background avia-button avia-button-fullwidth avia-color-theme-color' ><\/span><\/a><\/div>&lt;\/p&gt;<\/p>\n","protected":false},"excerpt":{"rendered":"<p>&lt;p&gt;&lt;\/p&gt;<\/p>\n","protected":false},"author":1,"featured_media":0,"parent":0,"menu_order":0,"comment_status":"closed","ping_status":"closed","template":"","meta":{"footnotes":""},"_links":{"self":[{"href":"https:\/\/www.uasq8922.org\/index.php?rest_route=\/wp\/v2\/pages\/1394"}],"collection":[{"href":"https:\/\/www.uasq8922.org\/index.php?rest_route=\/wp\/v2\/pages"}],"about":[{"href":"https:\/\/www.uasq8922.org\/index.php?rest_route=\/wp\/v2\/types\/page"}],"author":[{"embeddable":true,"href":"https:\/\/www.uasq8922.org\/index.php?rest_route=\/wp\/v2\/users\/1"}],"replies":[{"embeddable":true,"href":"https:\/\/www.uasq8922.org\/index.php?rest_route=%2Fwp%2Fv2%2Fcomments&post=1394"}],"version-history":[{"count":4,"href":"https:\/\/www.uasq8922.org\/index.php?rest_route=\/wp\/v2\/pages\/1394\/revisions"}],"predecessor-version":[{"id":2918,"href":"https:\/\/www.uasq8922.org\/index.php?rest_route=\/wp\/v2\/pages\/1394\/revisions\/2918"}],"wp:attachment":[{"href":"https:\/\/www.uasq8922.org\/index.php?rest_route=%2Fwp%2Fv2%2Fmedia&parent=1394"}],"curies":[{"name":"wp","href":"https:\/\/api.w.org\/{rel}","templated":true}]}}