{"id":2702,"date":"2023-05-19T09:29:38","date_gmt":"2023-05-19T13:29:38","guid":{"rendered":"https:\/\/www.uasq8922.org\/?page_id=2702"},"modified":"2023-08-02T09:49:30","modified_gmt":"2023-08-02T13:49:30","slug":"nouvelles-primes-et-formations-applicables-avec-le-nouveau-decret","status":"publish","type":"page","link":"https:\/\/www.uasq8922.org\/?page_id=2702","title":{"rendered":"Nouvelles primes et formations applicables avec le nouveau d\u00e9cret"},"content":{"rendered":"<div class=\"flex_column av_one_full  flex_column_div av-zero-column-padding first  \" style='border-radius:0px; '><section class=\"av_textblock_section \"  itemscope=\"itemscope\" itemtype=\"https:\/\/schema.org\/CreativeWork\" ><div class='avia_textblock  '   itemprop=\"text\" ><p>\u00c0 partir du 2 ao\u00fbt 2023, de nouvelles primes sont applicables conditionnellement au suivi de certaines formations. Plus bas, vous trouverez dans le d\u00e9tail ces primes ainsi que les formations \u00e0 suivre pour avoir droit au paiement des primes associ\u00e9es. Si les formations qui doivent \u00eatre dispens\u00e9es par votre employeur ne sont pas disponibles, veuillez en informer votre syndicat.<\/p>\n<h3><u>Prime P3\u2013 CPI<\/u><\/h3>\n<p>\u00ab\u00a0Agent ayant suivi une formation en gestion de crise au cours de deux (2) derni\u00e8res ann\u00e9es dont la dur\u00e9e minimale est de (information \u00e0 valider avec le d\u00e9cret \u2013 devrait-\u00eatre 16h) \u00a0et qui a \u00e9t\u00e9 dispens\u00e9e par un formateur reconnu par le \u00ab\u00a0Crisis Prevention Institute\u00a0\u00bb\u00a0et qui travaille dans le secteur de la sant\u00e9.[\u2026]\u00a0\u00bb<\/p>\n<p>DISPENS\u00c9E PAR\u00a0: Les formateur accr\u00e9dit\u00e9 CPI \u00e0 m\u00eame l\u2019entreprise de s\u00e9curit\u00e9. L\u2019agent doit donc se r\u00e9f\u00e9rer \u00e0 son employeur.<\/p>\n<p>MODE DE FORMATION\u00a0: La formation de CPI est dispens\u00e9e aux instructeurs qui pourront distribuer la formation uniquement \u00e0 l\u2019interne de leur entreprise<\/p>\n<p>INSCRIPTIONS\u00a0: Validez avec votre employeur pour vous inscrire \u00e0 la formation interne.<\/p>\n<p>CO\u00dbT\u00a0: information \u00e0 venir<\/p>\n<p>Cette formation donne droit \u00e0 une prime de 2$ de l\u2019heure pour ceux qui travaillent dans le secteur de la sant\u00e9 m\u00eame si le client ne la demande pas et pour d\u2019autres secteurs si le client en fait la demande.<\/p>\n<h3><u>Prime P4 \u2013 Secouriste, RCR et d\u00e9fibrillateur<\/u><\/h3>\n<p>\u00ab\u00a0Agent ayant suivi une formation de secouriste, RCR et d\u00e9fibrillateur au cours des trois (3) derni\u00e8res ann\u00e9es dont la dur\u00e9e minimale est de seize (16) heures et qui a \u00e9t\u00e9 dispens\u00e9 par un organisme de formation reconnu par la CNESST. .[\u2026]\u00a0\u00bb<\/p>\n<p>DISPENS\u00c9E PAR\u00a0: Organismes de formation reconnus par la CNESST (Liste compl\u00e8te en ligne\u00a0: <a href=\"https:\/\/www.cnesst.gouv.qc.ca\/fr\/organisation\/documentation\/formulaires-publications\/liste-provinciale-organismes-formation-secouriste\" target=\"_blank\" rel=\"noopener\">Liste provinciale des organismes de formation &#8211; Secouriste en milieu de travail | Commission des normes de l&rsquo;\u00e9quit\u00e9 de la sant\u00e9 et de la s\u00e9curit\u00e9 du travail &#8211; CNESST (gouv.qc.ca)<\/a>)<\/p>\n<p>MODE DE FORMATION\u00a0: Pr\u00e9sentiel 16h (Certain organismes ont une formule Hybride 8h\u00a0en virtuel et 8h en pr\u00e9sentiel)<\/p>\n<p>INSCRIPTIONS\u00a0: Par t\u00e9l\u00e9phone ou en ligne selon les organismes de formation<\/p>\n<p>CO\u00dbTS\u00a0: Moyenne de 128$ Tx (Variable selon les organismes de formation)<\/p>\n<p>Cette formation donne droit \u00e0 une prime de 60c de l\u2019heure et est applicable \u00e0 la majoration du temps suppl\u00e9mentaire.<\/p>\n<h3><u>Prime P8 &#8211; Usage de la force<\/u><\/h3>\n<p>\u00ab Agent ayant suivi une formation sur l\u2019usage de la force au cours des deux (2) derni\u00e8res ann\u00e9es dont la dur\u00e9e minimal est de vingt (20) heures et dispens\u00e9e par un formateur reconnu par l\u2019ENPQ ou l\u2019APAS et qui travaille dans le secteur parajudiciaire.[\u2026] \u00bb<\/p>\n<p>DISPENS\u00c9E PAR\u00a0: L\u2019APAS<\/p>\n<p>MODE DE FORMATION\u00a0: Hybride (4h de formation th\u00e9orique en mode asynchrone, 16h de formation pratique en pr\u00e9sentiel en groupe de 12 \u00e9tudiants)<\/p>\n<p>INSCRIPTIONS : Sur le site LMS de l\u2019APAS : <a href=\"https:\/\/formation.apasqc.com\/catalogItemDetails\/usage-de-la-force-prime-p-8-montreal\/7\/-1\/-1\" target=\"_blank\" rel=\"noopener\">Usage de la force Prime P-8<\/a><\/p>\n<p>CO\u00dbT\u00a0: 250$ Tx par \u00e9tudiant<\/p>\n<p>Cette formation donne droit \u00e0 une prime de 2$ de l\u2019heure pour ceux qui travaillent dans le secteur parajudiciaire m\u00eame si le client ne la demande pas et pour d\u2019autres secteurs si le client en fait la demande.<\/p>\n<p>Il est possible que votre employeur vous fournisse la formation avec des formateurs accr\u00e9dit\u00e9s. Veuillez v\u00e9rifier avec votre employeur si une formation est disponible.<\/p>\n<h3><u>Prime P12 \u2013 Service \u00e0 la client\u00e8le<\/u><\/h3>\n<p>\u00ab\u00a0Agent ayant suivi une formation en service \u00e0 la client\u00e8le au cours de deux (2) derni\u00e8res ann\u00e9es dont la dur\u00e9e minimale est quatre (4) heures et qui a \u00e9t\u00e9 dispens\u00e9e par l\u2019APAS ou une \u00e9cole de formation reconnue par le BSP.[\u2026]\u00a0\u00bb<\/p>\n<p>DISPENS\u00c9E PAR\u00a0: L\u2019APAS et SAE<\/p>\n<p>MODE DE FORMATION\u00a0: 4h de formation th\u00e9orique en mode asynchrone<\/p>\n<p>INSCRIPTIONS : Sur le site LMS de l\u2019APAS : <a href=\"https:\/\/formation.apasqc.com\/catalogItemDetails\/service-a-la-clientele-prime-p12\/8\/-1\/-1\" target=\"_blank\" rel=\"noopener\">Service \u00e0 la client\u00e8le &#8211; Prime P12<\/a> et sur le site de SAE : <a href=\"https:\/\/saefp.sviesolutions.com\/Web\/MyCatalog\/ViewP?id=aHcV82dq1P2H6wRDl%2b%2f6eA%3d%3d&amp;pid=mWJ%2bzvElTLrlvGRT97HxUQ%3d%3d\" target=\"_blank\" rel=\"noopener\">Service \u00e0 la client\u00e8le (Agents s\u00e9curit\u00e9 priv\u00e9e)<\/a><\/p>\n<p>CO\u00dbT\u00a0: 50$ Tx par \u00e9tudiant<\/p>\n<p>Cette formation donne droit \u00e0 une prime de 50c de l\u2019heure et est applicable \u00e0 la majoration en temps suppl\u00e9mentaire.<\/p>\n<\/div><\/section><\/div>\n","protected":false},"excerpt":{"rendered":"","protected":false},"author":5,"featured_media":0,"parent":0,"menu_order":0,"comment_status":"closed","ping_status":"closed","template":"","meta":{"footnotes":""},"_links":{"self":[{"href":"https:\/\/www.uasq8922.org\/index.php?rest_route=\/wp\/v2\/pages\/2702"}],"collection":[{"href":"https:\/\/www.uasq8922.org\/index.php?rest_route=\/wp\/v2\/pages"}],"about":[{"href":"https:\/\/www.uasq8922.org\/index.php?rest_route=\/wp\/v2\/types\/page"}],"author":[{"embeddable":true,"href":"https:\/\/www.uasq8922.org\/index.php?rest_route=\/wp\/v2\/users\/5"}],"replies":[{"embeddable":true,"href":"https:\/\/www.uasq8922.org\/index.php?rest_route=%2Fwp%2Fv2%2Fcomments&post=2702"}],"version-history":[{"count":4,"href":"https:\/\/www.uasq8922.org\/index.php?rest_route=\/wp\/v2\/pages\/2702\/revisions"}],"predecessor-version":[{"id":2753,"href":"https:\/\/www.uasq8922.org\/index.php?rest_route=\/wp\/v2\/pages\/2702\/revisions\/2753"}],"wp:attachment":[{"href":"https:\/\/www.uasq8922.org\/index.php?rest_route=%2Fwp%2Fv2%2Fmedia&parent=2702"}],"curies":[{"name":"wp","href":"https:\/\/api.w.org\/{rel}","templated":true}]}}