{"id":814,"date":"2018-05-03T15:17:53","date_gmt":"2018-05-03T15:17:53","guid":{"rendered":"http:\/\/wpoffice\/enfold-lawyer\/?page_id=814"},"modified":"2025-07-21T09:12:45","modified_gmt":"2025-07-21T13:12:45","slug":"votreexecutif","status":"publish","type":"page","link":"https:\/\/www.uasq8922.org\/?page_id=814","title":{"rendered":"VOTRE \u00c9X\u00c9CUTIF"},"content":{"rendered":"<\/div><\/div><\/div><!-- close content main div --><\/div><\/div><div id='av_section_1' class='avia-section main_color avia-section-default avia-no-border-styling av-section-color-overlay-active avia-bg-style-scroll   av-minimum-height av-minimum-height-custom container_wrap fullsize' style='background-color: #0d2c6c;  '   style='background-color: #0d2c6c;  ' ><div class='av-section-color-overlay-wrap'><div class='av-section-color-overlay' style='opacity: 0.6; background-color: #084a79; '><\/div><div class='container' style='height:230px'><div class='template-page content  av-content-full alpha units'><div class='post-entry post-entry-type-page post-entry-814'><div class='entry-content-wrapper clearfix'>\n<div class=\"flex_column av_one_full  av-animated-generic left-to-right  flex_column_div av-zero-column-padding first  \" style='margin-top:0px; margin-bottom:0px; border-radius:0px; '><div style='padding-bottom:0px; margin:0 0 0 0; color:#ffffff;font-size:5vw;' class='av-special-heading av-special-heading-h1 custom-color-heading blockquote modern-quote modern-centered  av-inherit-size '><h1 class='av-special-heading-tag  av-small-font-size-overwrite av-small-font-size-30 av-mini-font-size-overwrite av-mini-font-size-30'  itemprop=\"headline\"  >Votre ex\u00e9cutif<\/h1><div class='special-heading-border'><div class='special-heading-inner-border' style='border-color:#ffffff'><\/div><\/div><\/div><\/div>\n\n<\/div><\/div><\/div><!-- close content main div --><\/div><\/div><\/div><div id='av_section_2' class='avia-section main_color avia-section-huge avia-no-border-styling avia-bg-style-scroll   container_wrap fullsize' style=' '   style=' ' ><div class='container' ><div class='template-page content  av-content-full alpha units'><div class='post-entry post-entry-type-page post-entry-814'><div class='entry-content-wrapper clearfix'>\n<div class=\"flex_column av_one_half  av-animated-generic left-to-right  flex_column_div av-zero-column-padding first  \" style='margin-top:0px; margin-bottom:0px; border-radius:3px; '><p><div style='padding-bottom:10px; margin-top:15; ' class='av-special-heading av-special-heading-h2  blockquote modern-quote   '><h2 class='av-special-heading-tag '  itemprop=\"headline\"  >Nous sommes pr\u00e9sents pour vous.<\/h2><div class='special-heading-border'><div class='special-heading-inner-border' ><\/div><\/div><\/div><br \/>\n<section class=\"av_textblock_section \"  itemscope=\"itemscope\" itemtype=\"https:\/\/schema.org\/CreativeWork\" ><div class='avia_textblock  '   itemprop=\"text\" ><p>Votre comit\u00e9 ex\u00e9cutif est disponible pour vous r\u00e9pondre et agir pour le meilleur de vos int\u00e9r\u00eats. Nous mettons tout en oeuvre afin de satisfaire vos demandes et d&rsquo;agir le plus efficacement possible.<\/p>\n<\/div><\/section><\/p><\/div><div class=\"flex_column av_one_half  av-animated-generic left-to-right  flex_column_div av-zero-column-padding   \" style='margin-top:0px; margin-bottom:0px; border-radius:3px; '><p><div style='padding-bottom:10px; margin-top:15; ' class='av-special-heading av-special-heading-h2  blockquote modern-quote   '><h2 class='av-special-heading-tag '  itemprop=\"headline\"  >Partout au Qu\u00e9bec<\/h2><div class='special-heading-border'><div class='special-heading-inner-border' ><\/div><\/div><\/div><br \/>\n<section class=\"av_textblock_section \"  itemscope=\"itemscope\" itemtype=\"https:\/\/schema.org\/CreativeWork\" ><div class='avia_textblock  '   itemprop=\"text\" ><p>Nous d\u00e9ployons nos forces aux 4 coins du Qu\u00e9bec afin d&rsquo;assurer une pr\u00e9sence accrue pour nos membres. La vigilance est au coeur de notre travail et les r\u00e9sultats sont une priorit\u00e9 pour nous. Vous pouvez compter sur votre ex\u00e9cutif pour agir dans vos dossiers.<\/p>\n<\/div><\/section><\/p><\/div>\n\n<\/div><\/div><\/div><!-- close content main div --><\/div><\/div><div id='av_section_3' class='avia-section main_color avia-section-default avia-no-border-styling avia-bg-style-scroll   container_wrap fullsize' style='background-color: #17345d;  '   style='background-color: #17345d;  ' ><div class='container' ><div class='template-page content  av-content-full alpha units'><div class='post-entry post-entry-type-page post-entry-814'><div class='entry-content-wrapper clearfix'>\n<section class=\"av_textblock_section \"  itemscope=\"itemscope\" itemtype=\"https:\/\/schema.org\/CreativeWork\" ><div class='avia_textblock  '   itemprop=\"text\" ><\/div><\/section>\n\n<\/div><\/div><\/div><!-- close content main div --><\/div><\/div><div id='av-layout-grid-1' class='av-layout-grid-container entry-content-wrapper main_color av-fixed-cells    container_wrap fullsize' style=' '   style=' ' >\n<div class=\"flex_cell no_margin av_one_third   avia-full-stretch \" style='vertical-align:middle; padding:180px 60px 180px 60px ; '><div class='flex_cell_inner' ><\/div><\/div><div class=\"flex_cell no_margin av_two_third   \" style='vertical-align:middle; padding:60px; '><div class='flex_cell_inner' ><div style='padding-bottom:10px; font-size:30px;' class='av-special-heading av-special-heading-h3  blockquote modern-quote  av-inherit-size '><h3 class='av-special-heading-tag '  itemprop=\"headline\"  >Johanne Richard<\/h3><div class ='av-subheading av-subheading_below  ' style='font-size:15px;'><p>Pr\u00e9sidente<\/p>\n<\/div><div class='special-heading-border'><div class='special-heading-inner-border' ><\/div><\/div><\/div>\n<\/div><\/div><\/div><\/div><\/div><\/div><!-- close content main div --><\/div><\/div><div id='av-layout-grid-2' class='av-layout-grid-container entry-content-wrapper main_color av-fixed-cells    container_wrap fullsize' style=' '   style=' ' >\n<div class=\"flex_cell no_margin av_one_third   avia-full-stretch \" style='vertical-align:middle; padding:180px 60px 180px 60px ; '><div class='flex_cell_inner' ><\/div><\/div><div class=\"flex_cell no_margin av_two_third   \" style='vertical-align:middle; padding:60px; '><div class='flex_cell_inner' ><div style='padding-bottom:10px; font-size:30px;' class='av-special-heading av-special-heading-h3  blockquote modern-quote  av-inherit-size '><h3 class='av-special-heading-tag '  itemprop=\"headline\"  >Alain Tremblay<\/h3><div class ='av-subheading av-subheading_below  ' style='font-size:15px;'><p>Vice-pr\u00e9sident<\/p>\n<\/div><div class='special-heading-border'><div class='special-heading-inner-border' ><\/div><\/div><\/div>\n<\/div><\/div><\/div><\/div><\/div><\/div><!-- close content main div --><\/div><\/div><div id='av-layout-grid-3' class='av-layout-grid-container entry-content-wrapper main_color av-fixed-cells    container_wrap fullsize' style=' '   style=' ' >\n<div class=\"flex_cell no_margin av_one_third   avia-full-stretch \" style='background: #e2e2e2; vertical-align:middle; padding:180px 60px 180px 60px ; background-color:#e2e2e2; '><div class='flex_cell_inner' ><\/div><\/div><div class=\"flex_cell no_margin av_two_third   \" style='background: #e2e2e2; vertical-align:middle; padding:60px; background-color:#e2e2e2; '><div class='flex_cell_inner' ><div style='padding-bottom:10px; font-size:30px;' class='av-special-heading av-special-heading-h3  blockquote modern-quote  av-inherit-size '><h3 class='av-special-heading-tag '  itemprop=\"headline\"  >Nancy Larche<\/h3><div class ='av-subheading av-subheading_below  ' style='font-size:15px;'><p>Secr\u00e9taire-archiviste<\/p>\n<\/div><div class='special-heading-border'><div class='special-heading-inner-border' ><\/div><\/div><\/div>\n<\/div><\/div>\n<\/div><\/p>\n<\/div><\/div><\/div><!-- close content main div --><\/div><\/div><div id='av-layout-grid-4' class='av-layout-grid-container entry-content-wrapper main_color av-fixed-cells    container_wrap fullsize' style=' '   style=' ' >\n<div class=\"flex_cell no_margin av_one_third   avia-full-stretch \" style='vertical-align:middle; padding:180px 60px 180px 60px ; '><div class='flex_cell_inner' ><\/div><\/div><div class=\"flex_cell no_margin av_two_third   \" style='vertical-align:middle; padding:60px; '><div class='flex_cell_inner' ><div style='padding-bottom:10px; font-size:30px;' class='av-special-heading av-special-heading-h3  blockquote modern-quote  av-inherit-size '><h3 class='av-special-heading-tag '  itemprop=\"headline\"  >Denis Fafard<\/h3><div class ='av-subheading av-subheading_below  ' style='font-size:15px;'><p>Secr\u00e9taire-tr\u00e9sorier<\/p>\n<\/div><div class='special-heading-border'><div class='special-heading-inner-border' ><\/div><\/div><\/div>\n<\/div><\/div>\n<\/div>\n<\/div><\/div><\/div><!-- close content main div --><\/div><\/div><div id='av-layout-grid-5' class='av-layout-grid-container entry-content-wrapper main_color av-fixed-cells    container_wrap fullsize' style=' '   style=' ' >\n<div class=\"flex_cell no_margin av_one_third   avia-full-stretch \" style='background: #e2e2e2; vertical-align:middle; padding:180px 60px 180px 60px ; background-color:#e2e2e2; '><div class='flex_cell_inner' ><\/div><\/div><div class=\"flex_cell no_margin av_two_third   \" style='background: #e2e2e2; vertical-align:middle; padding:60px; background-color:#e2e2e2; '><div class='flex_cell_inner' ><div style='padding-bottom:10px; font-size:30px;' class='av-special-heading av-special-heading-h3  blockquote modern-quote  av-inherit-size '><h3 class='av-special-heading-tag '  itemprop=\"headline\"  >Guy Dor\u00e9<\/h3><div class ='av-subheading av-subheading_below  ' style='font-size:15px;'><p>Syndic<\/p>\n<\/div><div class='special-heading-border'><div class='special-heading-inner-border' ><\/div><\/div><\/div>\n<\/div><\/div>\n<\/div>\n<\/div><\/div><\/div><!-- close content main div --><\/div><\/div><div id='av-layout-grid-6' class='av-layout-grid-container entry-content-wrapper main_color av-fixed-cells    container_wrap fullsize' style=' '   style=' ' >\n<div class=\"flex_cell no_margin av_one_third   avia-full-stretch \" style='background: #e2e2e2; vertical-align:middle; padding:180px 60px 180px 60px ; background-color:#e2e2e2; '><div class='flex_cell_inner' ><\/div><\/div><div class=\"flex_cell no_margin av_two_third   \" style='background: #e2e2e2; vertical-align:middle; padding:60px; background-color:#e2e2e2; '><div class='flex_cell_inner' ><div style='padding-bottom:10px; font-size:30px;' class='av-special-heading av-special-heading-h3  blockquote modern-quote  av-inherit-size '><h3 class='av-special-heading-tag '  itemprop=\"headline\"  >Renald Presseault<\/h3><div class ='av-subheading av-subheading_below  ' style='font-size:15px;'><p>Syndic<\/p>\n<\/div><div class='special-heading-border'><div class='special-heading-inner-border' ><\/div><\/div><\/div>\n<\/div><\/div><\/div><\/div><\/div><\/div><!-- close content main div --><\/div><\/div><div id='av-layout-grid-7' class='av-layout-grid-container entry-content-wrapper main_color av-fixed-cells    container_wrap fullsize' style=' '   style=' ' >\n<div class=\"flex_cell no_margin av_one_third   avia-full-stretch \" style='vertical-align:middle; padding:180px 60px 180px 60px ; '><div class='flex_cell_inner' ><\/div><\/div><div class=\"flex_cell no_margin av_two_third   \" style='vertical-align:middle; padding:60px; '><div class='flex_cell_inner' ><div style='padding-bottom:10px; font-size:30px;' class='av-special-heading av-special-heading-h3  blockquote modern-quote  av-inherit-size '><h3 class='av-special-heading-tag '  itemprop=\"headline\"  >Serge St-Amand<\/h3><div class ='av-subheading av-subheading_below  ' style='font-size:15px;'><p>Financier<\/p>\n<\/div><div class='special-heading-border'><div class='special-heading-inner-border' ><\/div><\/div><\/div>\n<\/div><\/div>\n<\/div><\/p>\n<\/div><\/div><\/div><!-- close content main div --><\/div><\/div><div id='av-layout-grid-8' class='av-layout-grid-container entry-content-wrapper main_color av-fixed-cells    container_wrap fullsize' style=' '   style=' ' >\n<div class=\"flex_cell no_margin av_one_third   avia-full-stretch \" style='vertical-align:middle; padding:180px 60px 180px 60px ; '><div class='flex_cell_inner' ><\/div><\/div><div class=\"flex_cell no_margin av_two_third   \" style='vertical-align:middle; padding:60px; '><div class='flex_cell_inner' ><div style='padding-bottom:10px; font-size:30px;' class='av-special-heading av-special-heading-h3  blockquote modern-quote  av-inherit-size '><h3 class='av-special-heading-tag '  itemprop=\"headline\"  >Nicole Paradis<\/h3><div class ='av-subheading av-subheading_below  ' style='font-size:15px;'><p>Guide<\/p>\n<\/div><div class='special-heading-border'><div class='special-heading-inner-border' ><\/div><\/div><\/div>\n<\/div><\/div>\n<\/div>\n<\/div><\/div><\/div><!-- close content main div --><\/div><\/div><div id='av-layout-grid-9' class='av-layout-grid-container entry-content-wrapper main_color av-fixed-cells    container_wrap fullsize' style=' '   style=' ' >\n<div class=\"flex_cell no_margin av_one_third   avia-full-stretch \" style='vertical-align:middle; padding:180px 60px 180px 60px ; '><div class='flex_cell_inner' ><\/div><\/div><div class=\"flex_cell no_margin av_two_third   \" style='vertical-align:middle; padding:60px; '><div class='flex_cell_inner' ><div style='padding-bottom:10px; font-size:30px;' class='av-special-heading av-special-heading-h3  blockquote modern-quote  av-inherit-size '><h3 class='av-special-heading-tag '  itemprop=\"headline\"  >Cristina Moreira<\/h3><div class ='av-subheading av-subheading_below  ' style='font-size:15px;'><p>Guide<\/p>\n<\/div><div class='special-heading-border'><div class='special-heading-inner-border' ><\/div><\/div><\/div>\n<\/div><\/div><\/div><\/div><\/div><\/div><!-- close content main div --><\/div><\/div><div id='av-layout-grid-10' class='av-layout-grid-container entry-content-wrapper main_color av-fixed-cells    container_wrap fullsize' style=' '   style=' ' >\n<div class=\"flex_cell no_margin av_one_third   \" style='vertical-align:top; padding:30px; '><div class='flex_cell_inner' ><\/div><\/div><div class=\"flex_cell no_margin av_two_third   \" style='vertical-align:top; padding:30px; '><div class='flex_cell_inner' ><div style='padding-bottom:10px; font-size:30px;' class='av-special-heading av-special-heading-h3  blockquote modern-quote  av-inherit-size '><h3 class='av-special-heading-tag '  itemprop=\"headline\"  >Luc Boisvert<\/h3><div class ='av-subheading av-subheading_below  ' style='font-size:15px;'><p>Syndic<\/p>\n<\/div><div class='special-heading-border'><div class='special-heading-inner-border' ><\/div><\/div><\/div>\n<\/div><\/div>\n<\/div><\/p>\n<\/div><\/div><\/div><!-- close content main div --><\/div><\/div><div id='av-layout-grid-11' class='av-layout-grid-container entry-content-wrapper main_color av-fixed-cells    container_wrap fullsize' style=' '   style=' ' >\n<div class=\"flex_cell no_margin av_one_third   avia-full-stretch \" style='background: #e2e2e2; vertical-align:middle; padding:180px 60px 180px 60px ; background-color:#e2e2e2; '><div class='flex_cell_inner' ><\/div><\/div><div class=\"flex_cell no_margin av_two_third   \" style='background: #e2e2e2; vertical-align:middle; padding:60px; background-color:#e2e2e2; '><div class='flex_cell_inner' ><div style='padding-bottom:10px; font-size:30px;' class='av-special-heading av-special-heading-h3  blockquote modern-quote  av-inherit-size '><h3 class='av-special-heading-tag '  itemprop=\"headline\"  >Renald Presseault<\/h3><div class ='av-subheading av-subheading_below  ' style='font-size:15px;'><p>Garde ext\u00e9rieure<\/p>\n<\/div><div class='special-heading-border'><div class='special-heading-inner-border' ><\/div><\/div><\/div>\n<\/div><\/div>\n<\/div>\n<\/div><\/div><\/div><!-- close content main div --><\/div><\/div><div id='av-layout-grid-12' class='av-layout-grid-container entry-content-wrapper main_color av-fixed-cells    container_wrap fullsize' style=' '   style=' ' >\n<div class=\"flex_cell no_margin av_one_third   avia-full-stretch \" style='vertical-align:middle; padding:180px 60px 180px 60px ; '><div class='flex_cell_inner' ><\/div><\/div><div class=\"flex_cell no_margin av_two_third   \" style='vertical-align:middle; padding:60px; '><div class='flex_cell_inner' ><div style='padding-bottom:10px; font-size:30px;' class='av-special-heading av-special-heading-h3  blockquote modern-quote  av-inherit-size '><h3 class='av-special-heading-tag '  itemprop=\"headline\"  >Daniel Desjardins<\/h3><div class ='av-subheading av-subheading_below  ' style='font-size:15px;'><p>Garde int\u00e9rieur<\/p>\n<\/div><div class='special-heading-border'><div class='special-heading-inner-border' ><\/div><\/div><\/div>\n<\/div><\/div>\n<\/div>\n<div class='avia-button-wrap avia-button-center '><a href='https:\/\/www.uasq8922.org\/?page_id=848' class='avia-button avia-button-fullwidth   avia-icon_select-no avia-color-theme-color '  style='color:#ffffff; ' ><span class='avia_iconbox_title' >Des questions ?<\/span><span class='avia_button_background avia-button avia-button-fullwidth avia-color-theme-color' ><\/span><\/a><\/div>\n","protected":false},"excerpt":{"rendered":"","protected":false},"author":1,"featured_media":0,"parent":0,"menu_order":0,"comment_status":"closed","ping_status":"closed","template":"","meta":{"footnotes":""},"_links":{"self":[{"href":"https:\/\/www.uasq8922.org\/index.php?rest_route=\/wp\/v2\/pages\/814"}],"collection":[{"href":"https:\/\/www.uasq8922.org\/index.php?rest_route=\/wp\/v2\/pages"}],"about":[{"href":"https:\/\/www.uasq8922.org\/index.php?rest_route=\/wp\/v2\/types\/page"}],"author":[{"embeddable":true,"href":"https:\/\/www.uasq8922.org\/index.php?rest_route=\/wp\/v2\/users\/1"}],"replies":[{"embeddable":true,"href":"https:\/\/www.uasq8922.org\/index.php?rest_route=%2Fwp%2Fv2%2Fcomments&post=814"}],"version-history":[{"count":36,"href":"https:\/\/www.uasq8922.org\/index.php?rest_route=\/wp\/v2\/pages\/814\/revisions"}],"predecessor-version":[{"id":3183,"href":"https:\/\/www.uasq8922.org\/index.php?rest_route=\/wp\/v2\/pages\/814\/revisions\/3183"}],"wp:attachment":[{"href":"https:\/\/www.uasq8922.org\/index.php?rest_route=%2Fwp%2Fv2%2Fmedia&parent=814"}],"curies":[{"name":"wp","href":"https:\/\/api.w.org\/{rel}","templated":true}]}}