{"id":898,"date":"2018-12-02T19:18:41","date_gmt":"2018-12-02T19:18:41","guid":{"rendered":"http:\/\/www.chateauneufcreation.com\/?page_id=898"},"modified":"2022-12-01T08:23:10","modified_gmt":"2022-12-01T13:23:10","slug":"convention","status":"publish","type":"page","link":"https:\/\/www.uasq8922.org\/?page_id=898","title":{"rendered":"Convention"},"content":{"rendered":"<div class=\"flex_column av_one_fourth  flex_column_div av-zero-column-padding first  \" style='border-radius:0px; '><p><div class='avia-image-container  av-styling-    avia-align-center '  itemprop=\"ImageObject\" itemscope=\"itemscope\" itemtype=\"https:\/\/schema.org\/ImageObject\"  ><div class='avia-image-container-inner'><div class='avia-image-overlay-wrap'><a href='https:\/\/www.uasq8922.org\/wp-content\/uploads\/2022\/09\/Convention-Agents-2022-2027-2.pdf' class='avia_image'   target=\"_blank\" ><img class='avia_image ' src='https:\/\/www.uasq8922.org\/wp-content\/uploads\/2022\/09\/Convention-Agents-2022-2027-2-pdf-232x300.jpg' alt='' title=''  itemprop=\"thumbnailUrl\"  \/><\/a><\/div><\/div><\/div><br \/>\n<div class='avia-button-wrap avia-button-center '><a href='https:\/\/www.uasq8922.org\/wp-content\/uploads\/2022\/09\/Convention-Agents-2022-2027-2.pdf'  class='avia-button   avia-icon_select-yes-right-icon avia-color-theme-color avia-size-small avia-position-center '  target=\"_blank\"   ><span class='avia_iconbox_title' >T\u00c9L\u00c9CHARGER<\/span><span class='avia_button_icon avia_button_icon_right' aria-hidden='true' data-av_icon='\ue84b' data-av_iconfont='entypo-fontello'><\/span><\/a><\/div><\/p><\/div>\n<div class=\"flex_column av_one_fourth  flex_column_div av-zero-column-padding   \" style='border-radius:0px; '><p><div class='avia-image-container  av-styling-    avia-align-center '  itemprop=\"ImageObject\" itemscope=\"itemscope\" itemtype=\"https:\/\/schema.org\/ImageObject\"  ><div class='avia-image-container-inner'><div class='avia-image-overlay-wrap'><a href='https:\/\/www.uasq8922.org\/wp-content\/uploads\/2022\/04\/Convention-signaleur-Garda-2021-2022.pdf' class='avia_image'   target=\"_blank\" ><img class='avia_image ' src='https:\/\/www.uasq8922.org\/wp-content\/uploads\/2022\/04\/Convention-signaleur-Garda-2021-2022-pdf-228x300.jpg' alt='' title=''  itemprop=\"thumbnailUrl\"  \/><\/a><\/div><\/div><\/div><br \/>\n<div class='avia-button-wrap avia-button-center '><a href='https:\/\/www.uasq8922.org\/wp-content\/uploads\/2022\/04\/Convention-signaleur-Garda-2021-2022.pdf'  class='avia-button   avia-icon_select-yes-right-icon avia-color-theme-color avia-size-small avia-position-center '  target=\"_blank\"   ><span class='avia_iconbox_title' >T\u00c9L\u00c9CHARGER<\/span><span class='avia_button_icon avia_button_icon_right' aria-hidden='true' data-av_icon='\ue84b' data-av_iconfont='entypo-fontello'><\/span><\/a><\/div><\/p><\/div>\n<div class=\"flex_column av_two_fifth  flex_column_div av-zero-column-padding   \" style='border-radius:0px; '><section class=\"av_textblock_section \"  itemscope=\"itemscope\" itemtype=\"https:\/\/schema.org\/CreativeWork\" ><div class='avia_textblock  '   itemprop=\"text\" ><p>Ch\u00e8re confr\u00e8res et cons\u0153urs,<\/p>\n<p>Nous vous \u00e9crivons un petit message, dans le but de r\u00e9pondre \u00e0 quelques questions d\u2019ordre g\u00e9n\u00e9ral, que nous recevons derni\u00e8rement suite \u00e0 la r\u00e9ception de la nouvelle convention collective 2022-2027. La premi\u00e8re augmentation pr\u00e9vue dans la convention, entrera en vigueur au moment o\u00f9 le d\u00e9cret sera sign\u00e9. Nous sommes pr\u00e9sentement en attente de la signature du d\u00e9cret, d\u00e8s que cela sera fait, nous vous informeront aussit\u00f4t. Aussi, malheureusement, il n\u2019y a pas de r\u00e9troactivit\u00e9.<\/p>\n<p>Merci pour votre compr\u00e9hension,<\/p>\n<p>Votre comit\u00e9 de n\u00e9gociation<\/p>\n<\/div><\/section><\/div>\n","protected":false},"excerpt":{"rendered":"","protected":false},"author":1,"featured_media":0,"parent":0,"menu_order":0,"comment_status":"closed","ping_status":"closed","template":"","meta":{"footnotes":""},"_links":{"self":[{"href":"https:\/\/www.uasq8922.org\/index.php?rest_route=\/wp\/v2\/pages\/898"}],"collection":[{"href":"https:\/\/www.uasq8922.org\/index.php?rest_route=\/wp\/v2\/pages"}],"about":[{"href":"https:\/\/www.uasq8922.org\/index.php?rest_route=\/wp\/v2\/types\/page"}],"author":[{"embeddable":true,"href":"https:\/\/www.uasq8922.org\/index.php?rest_route=\/wp\/v2\/users\/1"}],"replies":[{"embeddable":true,"href":"https:\/\/www.uasq8922.org\/index.php?rest_route=%2Fwp%2Fv2%2Fcomments&post=898"}],"version-history":[{"count":21,"href":"https:\/\/www.uasq8922.org\/index.php?rest_route=\/wp\/v2\/pages\/898\/revisions"}],"predecessor-version":[{"id":2521,"href":"https:\/\/www.uasq8922.org\/index.php?rest_route=\/wp\/v2\/pages\/898\/revisions\/2521"}],"wp:attachment":[{"href":"https:\/\/www.uasq8922.org\/index.php?rest_route=%2Fwp%2Fv2%2Fmedia&parent=898"}],"curies":[{"name":"wp","href":"https:\/\/api.w.org\/{rel}","templated":true}]}}