{"id":920,"date":"2018-12-02T21:07:36","date_gmt":"2018-12-02T21:07:36","guid":{"rendered":"http:\/\/www.chateauneufcreation.com\/?page_id=920"},"modified":"2023-02-07T10:04:31","modified_gmt":"2023-02-07T15:04:31","slug":"elections","status":"publish","type":"page","link":"https:\/\/www.uasq8922.org\/?page_id=920","title":{"rendered":"Elections"},"content":{"rendered":"<\/div><\/div><\/div><!-- close content main div --><\/div><\/div><div id='full_slider_1' class='avia-fullwidth-slider main_color avia-shadow   container_wrap fullsize' style=' '   style=' ' ><div  data-size='featured'  data-lightbox_size='large'  data-animation='slide'  data-conditional_play=''  data-ids='917'  data-video_counter='0'  data-autoplay='false'  data-bg_slider='false'  data-slide_height=''  data-handle='av_slideshow_full'  data-interval='5'  data-class=' '  data-css_id=''  data-scroll_down=''  data-control_layout='av-control-default'  data-custom_markup=''  data-perma_caption=''  data-autoplay_stopper=''  data-image_attachment=''  data-min_height='0px'  data-src=''  data-position='top left'  data-repeat='no-repeat'  data-attach='scroll'  data-stretch=''  data-default-height='28.666666666667'  class='avia-slideshow avia-slideshow-1  av-control-default av-default-height-applied avia-slideshow-featured av_slideshow_full   avia-slide-slider '  itemprop=\"ImageObject\" itemscope=\"itemscope\" itemtype=\"https:\/\/schema.org\/ImageObject\" ><ul class='avia-slideshow-inner ' style='padding-bottom: 37.988165680473%;' ><li  class=' av-single-slide slide-1 ' ><div data-rel='slideshow-1' class='avia-slide-wrap '   ><div class = \"caption_fullwidth av-slideshow-caption caption_left caption_left_framed caption_framed\"><div class = \"container caption_container\"><div class = \"slideshow_caption\"><div class = \"slideshow_inner_caption\"><div class = \"slideshow_align_caption\"><h2  class='avia-caption-title '  itemprop=\"name\" >R\u00c9SULTATS DES \u00c9LECTIONS 2021<\/h2><div class='avia-caption-content  '  itemprop=\"description\"  ><p>LA STABILIT\u00c9: LA M\u00caME \u00c9QUIPE EST R\u00c9\u00c9LUE PAR ACCLAMATION !<\/p>\n<\/div><\/div><\/div><\/div><\/div><\/div><img src='https:\/\/www.uasq8922.org\/wp-content\/uploads\/2018\/12\/election.png' width='845' height='321' title='election' alt=''  itemprop=\"thumbnailUrl\"   \/><\/div><\/li><\/ul><\/div><\/div>\n<div class=\"flex_column av_two_third  flex_column_div av-zero-column-padding first  \" style='border-radius:0px; '><section class=\"av_textblock_section \"  itemscope=\"itemscope\" itemtype=\"https:\/\/schema.org\/CreativeWork\" ><div class='avia_textblock  '   itemprop=\"text\" ><p>\u00ab\u00a0Nous repr\u00e9sentons plus de 16 000 membres aux quatre coins du Qu\u00e9bec, r\u00e9partis dans plusieurs secteurs d&rsquo;activit\u00e9 (Signaleurs routiers, Pompiers et Agents de s\u00e9curit\u00e9) et travaillant dans tous genres de sites\u00a0provinciaux, municipaux, priv\u00e9s, chantiers, etc.<\/p>\n<p>Nous avons, depuis quelques ann\u00e9es, apport\u00e9 beaucoup de changements \u00e0 la Section locale.\u00a0 Plusieurs d&rsquo;entres eux furent un succ\u00e8s, d&rsquo;autres ne sont simplement pas encore arriv\u00e9s \u00e0 maturit\u00e9.\u00a0 Merci \u00e0 tous d&rsquo;avoir accept\u00e9 ces changements et, aujourd&rsquo;hui, je crois que nous avons pris\u00a0les meilleures d\u00e9cision\u00a0pour l&rsquo;ensemble de nos membres.<\/p>\n<p>Nous maintiendrons les rencontres r\u00e9gionales pour tous les groupes.\u00a0 Nous allons \u00e9galement promouvoir le volet SST et le rendre encore plus efficace afin de refl\u00e9ter les changements sur le terrain.\u00a0 Nous comptons \u00e9galement am\u00e9liorer de fa\u00e7on significative notre site internet.\u00a0 Nous avons aussi comme projet d&rsquo;implanter les\u00a0 proc\u00e9dures de r\u00e9clamations d&rsquo;assurance par fax ou par courriel.\u00a0 Afin de poursuivre nos activit\u00e9s, nous comptons maintenir le recrutement, qui est au c\u0153ur de notre Section locale, ainsi que tous les services \u00e0 leur niveau actuel et m\u00eame davantage.<\/p>\n<p>Le Vice-Pr\u00e9sident, Guy Dor\u00e9 continuera son volet SST : il a notre appui et nous allons grandement le supporter \u00e0 promouvoir cet aspect de notre Section locale.<\/p>\n<p>Nous sommes pr\u00e9sents pour vous partout au Qu\u00e9bec.\u00a0 Effectivement, ce sera une application de tous les jours de toutes les personnes de l&rsquo;\u00e9quipe lib\u00e9r\u00e9es syndicalement \u00e0 \u0153uvrer en ce sens et en \u00e9quipe.\u00a0\u00bb<\/p>\n<p>Vincent Boily, pr\u00e9sident de la Section Locale M\u00e9tallos 8922<\/p>\n<\/div><\/section><\/div><div class=\"flex_column av_one_third  flex_column_div av-zero-column-padding   \" style='border-radius:0px; '><p><div class='avia-image-container  av-styling-    avia-align-center '  itemprop=\"ImageObject\" itemscope=\"itemscope\" itemtype=\"https:\/\/schema.org\/ImageObject\"  ><div class='avia-image-container-inner'><div class='avia-image-overlay-wrap'><img class='avia_image' src='https:\/\/www.uasq8922.org\/wp-content\/uploads\/2018\/12\/carte.png' alt='' title='carte' height=\"450\" width=\"650\"  itemprop=\"thumbnailUrl\"  \/><\/div><\/div><\/div><br \/>\n<div  class=\"avia-animated-number av-force-default-color  avia-color-  avia_animate_when_visible\" ><strong class=\"heading avia-animated-number-title\" ><span class=\"avia-single-number __av-single-number\" data-number=\"16\">16<\/span><span class=\"avia-no-number\"> <\/span><span class=\"avia-single-number __av-single-number\" data-number=\"000\">000<\/span><\/strong><div class='avia-animated-number-content' ><p>Membres repr\u00e9sent\u00e9s partout au Qu\u00e9bec.<\/p>\n<\/div><\/div><br \/>\n<div style='height:50px' class='hr hr-invisible  '><span class='hr-inner ' ><span class='hr-inner-style'><\/span><\/span><\/div><br \/>\n<div class='avia-button-wrap avia-button-center '><a href='https:\/\/www.uasq8922.org\/?page_id=848'  class='avia-button   avia-icon_select-no avia-color-theme-color avia-size-x-large avia-position-center '   ><span class='avia_iconbox_title' >NOUS JOINDRE<\/span><\/a><\/div><\/p><\/div><\/p>\n<div class='avia-button-wrap avia-button-center '><a href='https:\/\/www.uasq8922.org\/?page_id=848' class='avia-button avia-button-fullwidth   avia-icon_select-no avia-color-theme-color '  style='color:#ffffff; ' ><span class='avia_iconbox_title' >Des questions ?<\/span><span class='avia_button_background avia-button avia-button-fullwidth avia-color-theme-color' ><\/span><\/a><\/div>\n","protected":false},"excerpt":{"rendered":"","protected":false},"author":1,"featured_media":0,"parent":0,"menu_order":0,"comment_status":"closed","ping_status":"closed","template":"","meta":{"footnotes":""},"_links":{"self":[{"href":"https:\/\/www.uasq8922.org\/index.php?rest_route=\/wp\/v2\/pages\/920"}],"collection":[{"href":"https:\/\/www.uasq8922.org\/index.php?rest_route=\/wp\/v2\/pages"}],"about":[{"href":"https:\/\/www.uasq8922.org\/index.php?rest_route=\/wp\/v2\/types\/page"}],"author":[{"embeddable":true,"href":"https:\/\/www.uasq8922.org\/index.php?rest_route=\/wp\/v2\/users\/1"}],"replies":[{"embeddable":true,"href":"https:\/\/www.uasq8922.org\/index.php?rest_route=%2Fwp%2Fv2%2Fcomments&post=920"}],"version-history":[{"count":22,"href":"https:\/\/www.uasq8922.org\/index.php?rest_route=\/wp\/v2\/pages\/920\/revisions"}],"predecessor-version":[{"id":2627,"href":"https:\/\/www.uasq8922.org\/index.php?rest_route=\/wp\/v2\/pages\/920\/revisions\/2627"}],"wp:attachment":[{"href":"https:\/\/www.uasq8922.org\/index.php?rest_route=%2Fwp%2Fv2%2Fmedia&parent=920"}],"curies":[{"name":"wp","href":"https:\/\/api.w.org\/{rel}","templated":true}]}}